{"id":3368,"date":"2023-12-07T11:30:44","date_gmt":"2023-12-07T10:30:44","guid":{"rendered":"https:\/\/peropress.com\/chi-siamo\/"},"modified":"2026-02-18T15:25:08","modified_gmt":"2026-02-18T14:25:08","slug":"uber-uns","status":"publish","type":"page","link":"https:\/\/peropress.com\/de\/uber-uns\/","title":{"rendered":"\u00dcber uns"},"content":{"rendered":"<p><div id=\"Geschichte\" class=\"fusion-container-anchor\"><div class=\"fusion-fullwidth fullwidth-box fusion-builder-row-1 has-pattern-background has-mask-background nonhundred-percent-fullwidth non-hundred-percent-height-scrolling\" style=\"--awb-border-radius-top-left:0px;--awb-border-radius-top-right:0px;--awb-border-radius-bottom-right:0px;--awb-border-radius-bottom-left:0px;--awb-padding-top:0px;--awb-flex-wrap:wrap;\" ><div class=\"fusion-builder-row fusion-row\"><div class=\"fusion-layout-column fusion_builder_column fusion-builder-column-0 fusion_builder_column_1_1 1_1 fusion-one-full fusion-column-first fusion-column-last fusion-no-small-visibility\" style=\"--awb-bg-size:cover;\" data-scroll-devices=\"small-visibility,medium-visibility,large-visibility\"><div class=\"fusion-column-wrapper fusion-column-has-shadow fusion-flex-column-wrapper-legacy\"><div class=\"fusion-sep-clear\"><\/div><div class=\"fusion-separator fusion-no-small-visibility fusion-no-large-visibility fusion-full-width-sep\" style=\"margin-left: auto;margin-right: auto;margin-top:50px;width:100%;\"><\/div><div class=\"fusion-sep-clear\"><\/div><div class=\"fusion-clearfix\"><\/div><\/div><\/div><div class=\"fusion-layout-column fusion_builder_column fusion-builder-column-1 fusion_builder_column_1_1 1_1 fusion-one-full fusion-column-first fusion-column-last fusion-no-small-visibility\" style=\"--awb-bg-size:cover;\" data-scroll-devices=\"small-visibility,medium-visibility,large-visibility\"><div class=\"fusion-column-wrapper fusion-column-has-shadow fusion-flex-column-wrapper-legacy\"><div class=\"fusion-sep-clear\"><\/div><div class=\"fusion-separator fusion-no-small-visibility fusion-no-medium-visibility fusion-full-width-sep\" style=\"margin-left: auto;margin-right: auto;margin-top:15px;margin-bottom:15px;width:100%;\"><\/div><div class=\"fusion-sep-clear\"><\/div><div class=\"fusion-clearfix\"><\/div><\/div><\/div><div class=\"fusion-layout-column fusion_builder_column fusion-builder-column-2 fusion_builder_column_1_1 1_1 fusion-one-full fusion-column-first fusion-column-last\" style=\"--awb-bg-size:cover;\"><div class=\"fusion-column-wrapper fusion-column-has-shadow fusion-flex-column-wrapper-legacy\"><div class=\"fusion-title title fusion-title-1 fusion-sep-none fusion-title-center fusion-title-text fusion-title-size-one\" style=\"--awb-text-color:var(--awb-color6);--awb-margin-top-small:10px;\"><h1 class=\"fusion-title-heading title-heading-center fusion-responsive-typography-calculated\" style=\"margin:0;--fontSize:67;line-height:1.4;\">Die Firma<\/h1><\/div><div class=\"fusion-text fusion-text-1\" style=\"--awb-content-alignment:justify;\"><p style=\"text-align: justify;\">PERO-PRESS ist auf das Warmpressen von Nichteisenmetallen wie Messing, Aluminium, Kupfer und \u00e4hnlichen Legierungen, sowie auf die CNC-Bearbeitung spezialisiert.<\/p>\n<p style=\"text-align: justify;\">Neben ihrem Branchen-Know-how, ist sie auch ein verl\u00e4sslicher Partner in der Produktentwicklungsphase, sowie ein Kenner der Werkstoffe und Verfahren bei der Herstellung von Bauteilen.<\/p>\n<p style=\"text-align: justify;\">Dank PERO-PRESS, k\u00f6nnen Sie alle Vorteile dieser Technologie entdecken. So k\u00f6nnen Sie viele Ihrer Projekte, mit Hilfe qualifizierter Mitarbeiter und in Synergie mit Ihrem Referenzteam, verwirklichen. Mit der Warmpresstechnik k\u00f6nnen Sie die Herstellung Ihrer Bauteile optimieren und eine qualitativ hochwertige Produktion zu Kosten gew\u00e4hrleisten, die g\u00fcnstiger sind als bei anderen Technologien, wie z.B. CNC-Drehen und Fr\u00e4sen aus Vollmaterial.<\/p>\n<p style=\"text-align: justify;\">In dem Unternehmen sind 30 Mitarbeiter besch\u00e4ftigt.<\/p>\n<\/div><div class=\"fusion-sep-clear\"><\/div><div class=\"fusion-separator fusion-full-width-sep\" style=\"margin-left: auto;margin-right: auto;margin-top:15px;margin-bottom:15px;width:100%;\"><\/div><div class=\"fusion-sep-clear\"><\/div><div class=\"fusion-image-element fusion-image-align-center in-legacy-container\" style=\"text-align:center;--awb-caption-title-font-family:var(--h2_typography-font-family);--awb-caption-title-font-weight:var(--h2_typography-font-weight);--awb-caption-title-font-style:var(--h2_typography-font-style);--awb-caption-title-size:var(--h2_typography-font-size);--awb-caption-title-transform:var(--h2_typography-text-transform);--awb-caption-title-line-height:var(--h2_typography-line-height);--awb-caption-title-letter-spacing:var(--h2_typography-letter-spacing);\"><div class=\"imageframe-align-center\"><span class=\" fusion-imageframe imageframe-none imageframe-1 hover-type-none\"><img decoding=\"async\" width=\"800\" height=\"600\" title=\"Foto pagina chi siamo 800 x 600\" src=\"https:\/\/peropress.com\/wp-content\/uploads\/2023\/10\/Foto-pagina-chi-siamo-800-x-600.png\" alt class=\"img-responsive wp-image-2541\" srcset=\"https:\/\/peropress.com\/wp-content\/uploads\/2023\/10\/Foto-pagina-chi-siamo-800-x-600-200x150.png 200w, https:\/\/peropress.com\/wp-content\/uploads\/2023\/10\/Foto-pagina-chi-siamo-800-x-600-400x300.png 400w, https:\/\/peropress.com\/wp-content\/uploads\/2023\/10\/Foto-pagina-chi-siamo-800-x-600-600x450.png 600w, https:\/\/peropress.com\/wp-content\/uploads\/2023\/10\/Foto-pagina-chi-siamo-800-x-600.png 800w\" sizes=\"(max-width: 800px) 100vw, 800px\" \/><\/span><\/div><\/div><div class=\"fusion-sep-clear\"><\/div><div class=\"fusion-separator fusion-full-width-sep\" style=\"margin-left: auto;margin-right: auto;margin-top:15px;margin-bottom:15px;width:100%;\"><\/div><div class=\"fusion-sep-clear\"><\/div><div class=\"fusion-aligncenter\"><a class=\"fusion-button button-flat fusion-button-default-size button-default fusion-button-default button-1 fusion-button-default-span fusion-button-default-type\" target=\"_self\" href=\"https:\/\/peropress.com\/de\/die-geschichte-von-pero-press\/\"><span class=\"fusion-button-text\">Die geschichte von pero-press<\/span><\/a><\/div><div class=\"fusion-sep-clear\"><\/div><div class=\"fusion-separator fusion-full-width-sep\" style=\"margin-left: auto;margin-right: auto;margin-top:30px;width:100%;\"><\/div><div class=\"fusion-sep-clear\"><\/div><div class=\"fusion-sep-clear\"><\/div><div class=\"fusion-separator fusion-full-width-sep\" style=\"margin-left: auto;margin-right: auto;margin-top:30px;width:100%;\"><div class=\"fusion-separator-border sep-single sep-solid\" style=\"--awb-height:20px;--awb-amount:20px;--awb-sep-color:var(--awb-color6);border-color:var(--awb-color6);border-top-width:4px;\"><\/div><\/div><div class=\"fusion-sep-clear\"><\/div><div class=\"fusion-clearfix\"><\/div><\/div><\/div><\/div><\/div><\/div><div id=\"Politik\" class=\"fusion-container-anchor\"><div class=\"fusion-fullwidth fullwidth-box fusion-builder-row-2 has-pattern-background has-mask-background nonhundred-percent-fullwidth non-hundred-percent-height-scrolling\" style=\"--awb-border-radius-top-left:0px;--awb-border-radius-top-right:0px;--awb-border-radius-bottom-right:0px;--awb-border-radius-bottom-left:0px;--awb-flex-wrap:wrap;\" ><div class=\"fusion-builder-row fusion-row\"><div class=\"fusion-layout-column fusion_builder_column fusion-builder-column-3 fusion_builder_column_1_1 1_1 fusion-one-full fusion-column-first fusion-column-last\" style=\"--awb-bg-size:cover;\"><div class=\"fusion-column-wrapper fusion-column-has-shadow fusion-flex-column-wrapper-legacy\"><div class=\"fusion-title title fusion-title-2 fusion-sep-none fusion-title-center fusion-title-text fusion-title-size-one\" style=\"--awb-text-color:var(--awb-color6);\"><h1 class=\"fusion-title-heading title-heading-center fusion-responsive-typography-calculated\" style=\"margin:0;--fontSize:67;line-height:1.4;\">Firmenpolitik<\/h1><\/div><div class=\"fusion-text fusion-text-2\"><p style=\"text-align: justify;\">PERO-PRESS setzt sich f\u00fcr die Umwelt, die Sicherheit und die Qualit\u00e4t der Arbeit ein, sowohl im produktiven als auch im sozialen Bereich.<\/p>\n<p style=\"text-align: justify;\">Der Erfolg eines Unternehmens ist die Summe der Ma\u00dfnahmen, die sich auf die Produktqualit\u00e4t, den Kundendienst, die Einhaltung der Umweltvorschriften und ein gutes Arbeitsumfeld konzentrieren. Au\u00dferdem will die Firma ihren Mitarbeitern ein angenehmes Arbeitsklima garantieren.<\/p>\n<p style=\"text-align: justify;\">Da es sich bei PERO-PRESS um eine Fertigungsindustrie handelt, ist die Entsorgung und Trennung von Abf\u00e4llen, die bei den verschiedenen Produktionsprozessen anfallen, sehr wichtig.<\/p>\n<p style=\"text-align: justify;\">Schrott aus dem Entgraten oder Drehen wird von Unternehmen, die auf Materialrecycling spezialisiert sind, zur\u00fcckgenommen und zu neuem Material verarbeitet. (z. B. Messing)<\/p>\n<p style=\"text-align: justify;\">Das Zertifikat der WRC Resources Company GmbH in Wurzen (Deutschland) bescheinigt die ordnungsgem\u00e4\u00dfe und umweltgerechte Entsorgung der zur\u00fcckgenommenen Beizabf\u00e4lle und best\u00e4tigt das kontinuierliche Engagement f\u00fcr die Umweltsicherheit.<\/p>\n<p style=\"text-align: justify;\">Au\u00dferdem verf\u00fcgt PERO-PRESS \u00fcber ein W\u00e4rmer\u00fcckgewinnungssystem, das mittels der \u00d6fen der drei Wippenpressen ganzj\u00e4hrig das gesamte Geb\u00e4ude mit W\u00e4rme und Warmwasser versorgt.<\/p>\n<p style=\"text-align: justify;\">PERO-PRESS verpflichtet sich auch zur Einhaltung der Zahlungsbedingungen gegen\u00fcber seinen Partnern und beweist somit Verantwortung und Zahlungsf\u00e4higkeit. Dieses Engagement wird seit Jahren von Dun &amp; Bradstreet bescheinigt, die das entsprechende Zertifikat j\u00e4hrlich ausstellt.<\/p>\n<p style=\"text-align: justify;\">Dar\u00fcber hinaus h\u00e4lt sich Pero-Press an den <a href=\"https:\/\/peropress.com\/wp-content\/uploads\/2024\/09\/ZVEI-VDMA-Code-of-Conduct-2022-01-de.pdf\" target=\"_blank\" rel=\"noopener noreferrer\"><b>ZVEI-VDMA<\/b><\/a> Code of Conduct. Auf Anfrage kann jeder unserer Partner ein unterzeichnetes Exemplar anfordern.<\/p>\n<\/div><div class=\"fusion-clearfix\"><\/div><\/div><\/div><div class=\"fusion-layout-column fusion_builder_column fusion-builder-column-4 fusion_builder_column_1_2 1_2 fusion-one-half fusion-column-first\" style=\"--awb-bg-size:cover;width:50%;width:calc(50% - ( ( 4% ) * 0.5 ) );margin-right: 4%;\"><div class=\"fusion-column-wrapper fusion-column-has-shadow fusion-flex-column-wrapper-legacy\"><div class=\"fusion-image-element in-legacy-container\" style=\"--awb-margin-top:3%;--awb-caption-title-font-family:var(--h2_typography-font-family);--awb-caption-title-font-weight:var(--h2_typography-font-weight);--awb-caption-title-font-style:var(--h2_typography-font-style);--awb-caption-title-size:var(--h2_typography-font-size);--awb-caption-title-transform:var(--h2_typography-text-transform);--awb-caption-title-line-height:var(--h2_typography-line-height);--awb-caption-title-letter-spacing:var(--h2_typography-letter-spacing);\"><span class=\" fusion-imageframe imageframe-none imageframe-2 hover-type-none\"><img decoding=\"async\" width=\"700\" height=\"980\" title=\"Cdr 2025\" src=\"https:\/\/peropress.com\/wp-content\/uploads\/2026\/02\/Cdr-2025.png\" alt class=\"img-responsive wp-image-4225\" srcset=\"https:\/\/peropress.com\/wp-content\/uploads\/2026\/02\/Cdr-2025-200x280.png 200w, https:\/\/peropress.com\/wp-content\/uploads\/2026\/02\/Cdr-2025-400x560.png 400w, https:\/\/peropress.com\/wp-content\/uploads\/2026\/02\/Cdr-2025-600x840.png 600w, https:\/\/peropress.com\/wp-content\/uploads\/2026\/02\/Cdr-2025.png 700w\" sizes=\"(max-width: 800px) 100vw, 600px\" \/><\/span><\/div><div class=\"fusion-clearfix\"><\/div><\/div><\/div><div class=\"fusion-layout-column fusion_builder_column fusion-builder-column-5 fusion_builder_column_1_2 1_2 fusion-one-half fusion-column-last\" style=\"--awb-bg-size:cover;width:50%;width:calc(50% - ( ( 4% ) * 0.5 ) );\"><div class=\"fusion-column-wrapper fusion-column-has-shadow fusion-flex-column-wrapper-legacy\"><div class=\"fusion-image-element in-legacy-container\" style=\"--awb-margin-top:4.5%;--awb-caption-title-font-family:var(--h2_typography-font-family);--awb-caption-title-font-weight:var(--h2_typography-font-weight);--awb-caption-title-font-style:var(--h2_typography-font-style);--awb-caption-title-size:var(--h2_typography-font-size);--awb-caption-title-transform:var(--h2_typography-text-transform);--awb-caption-title-line-height:var(--h2_typography-line-height);--awb-caption-title-letter-spacing:var(--h2_typography-letter-spacing);\"><span class=\" fusion-imageframe imageframe-none imageframe-3 hover-type-none\"><img decoding=\"async\" width=\"700\" height=\"495\" title=\"D&#038;B 2024\" src=\"https:\/\/peropress.com\/wp-content\/uploads\/2025\/02\/DB-2024.png\" alt class=\"img-responsive wp-image-4060\" srcset=\"https:\/\/peropress.com\/wp-content\/uploads\/2025\/02\/DB-2024-200x141.png 200w, https:\/\/peropress.com\/wp-content\/uploads\/2025\/02\/DB-2024-400x283.png 400w, https:\/\/peropress.com\/wp-content\/uploads\/2025\/02\/DB-2024-600x424.png 600w, https:\/\/peropress.com\/wp-content\/uploads\/2025\/02\/DB-2024.png 700w\" sizes=\"(max-width: 800px) 100vw, 600px\" \/><\/span><\/div><div class=\"fusion-clearfix\"><\/div><\/div><\/div><div class=\"fusion-layout-column fusion_builder_column fusion-builder-column-6 fusion_builder_column_1_1 1_1 fusion-one-full fusion-column-first fusion-column-last\" style=\"--awb-bg-size:cover;\"><div class=\"fusion-column-wrapper fusion-column-has-shadow fusion-flex-column-wrapper-legacy\"><div class=\"fusion-sep-clear\"><\/div><div class=\"fusion-separator fusion-full-width-sep\" style=\"margin-left: auto;margin-right: auto;margin-top:30px;width:100%;\"><div class=\"fusion-separator-border sep-single sep-solid\" style=\"--awb-height:20px;--awb-amount:20px;--awb-sep-color:var(--awb-color6);border-color:var(--awb-color6);border-top-width:4px;\"><\/div><\/div><div class=\"fusion-sep-clear\"><\/div><div class=\"fusion-clearfix\"><\/div><\/div><\/div><\/div><\/div><\/div><div id=\"Ausbildung\" class=\"fusion-container-anchor\"><div class=\"fusion-fullwidth fullwidth-box fusion-builder-row-3 has-pattern-background has-mask-background nonhundred-percent-fullwidth non-hundred-percent-height-scrolling\" style=\"--awb-border-radius-top-left:0px;--awb-border-radius-top-right:0px;--awb-border-radius-bottom-right:0px;--awb-border-radius-bottom-left:0px;--awb-flex-wrap:wrap;\" ><div class=\"fusion-builder-row fusion-row\"><div class=\"fusion-layout-column fusion_builder_column fusion-builder-column-7 fusion_builder_column_1_1 1_1 fusion-one-full fusion-column-first fusion-column-last\" style=\"--awb-bg-size:cover;\"><div class=\"fusion-column-wrapper fusion-column-has-shadow fusion-flex-column-wrapper-legacy\"><div class=\"fusion-title title fusion-title-3 fusion-sep-none fusion-title-center fusion-title-text fusion-title-size-one\" style=\"--awb-text-color:var(--awb-color6);\"><h1 class=\"fusion-title-heading title-heading-center fusion-responsive-typography-calculated\" style=\"margin:0;--fontSize:67;line-height:1.4;\">Ausbildung<\/h1><\/div><div class=\"fusion-clearfix\"><\/div><\/div><\/div><div class=\"fusion-layout-column fusion_builder_column fusion-builder-column-8 fusion_builder_column_2_3 2_3 fusion-two-third fusion-column-first\" style=\"--awb-bg-size:cover;width:66.666666666667%;width:calc(66.666666666667% - ( ( 4% ) * 0.66666666666667 ) );margin-right: 4%;\"><div class=\"fusion-column-wrapper fusion-column-has-shadow fusion-flex-column-wrapper-legacy\"><div class=\"fusion-text fusion-text-3\"><p style=\"text-align: justify;\">Die Ausbildung liegt PERO-PRESS besonders am Herzen und war schon immer ein sehr wichtiger Aspekt der Aktivit\u00e4ten.<\/p>\n<p style=\"text-align: justify;\">Die Firma bildet seit vielen Jahren junge Polymechaniker, Produktionsmechaniker und kaufm\u00e4nnische Angestellte aus. Bei PERO-PRESS werden diese jungen Menschen von erfahrenen Mitarbeitern unterst\u00fctzt, die ihnen das &#8222;Handwerk&#8220; in der Praxis beibringen. Dies erm\u00f6glicht ihnen, alle Aspekte des Berufes zu erlernen.<\/p>\n<p style=\"text-align: justify;\">Au\u00dferdem unterst\u00fctzen wir, dank unserer Zusammenarbeit mit dem Berufsbildungszentrum <a href=\"https:\/\/ameti.ch\/\">AMETI<\/a> \u00a0di Bodio, die Weiterbildung im feinmechanischen Bereich, indem Mitarbeitern, die bereits ohne Ausbildung im Unternehmen sind, die M\u00f6glichkeit geben, ihre Kenntnisse in Tages- und Abendkursen zu vervollst\u00e4ndigen.<\/p>\n<p style=\"text-align: justify;\">Im Laufe der Jahre, wurden auch mehrmonatige Praktika in der entsprechenden Branche f\u00fcr Studenten von Schweizer Polytechnischen Hochschulen, h\u00f6heren Berufsschulen wie SUPSI (Fachhochschule der italienischen Schweiz) angeboten.<\/p>\n<\/div><div class=\"fusion-clearfix\"><\/div><\/div><\/div><div class=\"fusion-layout-column fusion_builder_column fusion-builder-column-9 fusion_builder_column_1_3 1_3 fusion-one-third fusion-column-last\" style=\"--awb-bg-size:cover;width:33.333333333333%;width:calc(33.333333333333% - ( ( 4% ) * 0.33333333333333 ) );\"><div class=\"fusion-column-wrapper fusion-column-has-shadow fusion-flex-column-wrapper-legacy\"><div class=\"fusion-image-element fusion-image-align-right in-legacy-container\" style=\"text-align:right;--awb-caption-title-font-family:var(--h2_typography-font-family);--awb-caption-title-font-weight:var(--h2_typography-font-weight);--awb-caption-title-font-style:var(--h2_typography-font-style);--awb-caption-title-size:var(--h2_typography-font-size);--awb-caption-title-transform:var(--h2_typography-text-transform);--awb-caption-title-line-height:var(--h2_typography-line-height);--awb-caption-title-letter-spacing:var(--h2_typography-letter-spacing);\"><span class=\" fusion-imageframe imageframe-none imageframe-4 hover-type-none\" style=\"margin-left:25px;float:right;\"><img decoding=\"async\" width=\"1170\" height=\"1170\" title=\"creiamo professionisti\" src=\"https:\/\/peropress.com\/wp-content\/uploads\/2020\/03\/creiamo-professionisti.jpg\" alt class=\"img-responsive wp-image-1391\" srcset=\"https:\/\/peropress.com\/wp-content\/uploads\/2020\/03\/creiamo-professionisti-200x200.jpg 200w, https:\/\/peropress.com\/wp-content\/uploads\/2020\/03\/creiamo-professionisti-400x400.jpg 400w, https:\/\/peropress.com\/wp-content\/uploads\/2020\/03\/creiamo-professionisti-600x600.jpg 600w, https:\/\/peropress.com\/wp-content\/uploads\/2020\/03\/creiamo-professionisti-800x800.jpg 800w, https:\/\/peropress.com\/wp-content\/uploads\/2020\/03\/creiamo-professionisti.jpg 1170w\" sizes=\"(max-width: 800px) 100vw, 400px\" \/><\/span><\/div><div class=\"fusion-clearfix\"><\/div><\/div><\/div><\/div><\/div><\/div><\/p>\n","protected":false},"excerpt":{"rendered":"","protected":false},"author":2,"featured_media":0,"parent":0,"menu_order":0,"comment_status":"closed","ping_status":"closed","template":"","meta":{"footnotes":""},"class_list":["post-3368","page","type-page","status-publish","hentry"],"_links":{"self":[{"href":"https:\/\/peropress.com\/de\/wp-json\/wp\/v2\/pages\/3368","targetHints":{"allow":["GET"]}}],"collection":[{"href":"https:\/\/peropress.com\/de\/wp-json\/wp\/v2\/pages"}],"about":[{"href":"https:\/\/peropress.com\/de\/wp-json\/wp\/v2\/types\/page"}],"author":[{"embeddable":true,"href":"https:\/\/peropress.com\/de\/wp-json\/wp\/v2\/users\/2"}],"replies":[{"embeddable":true,"href":"https:\/\/peropress.com\/de\/wp-json\/wp\/v2\/comments?post=3368"}],"version-history":[{"count":55,"href":"https:\/\/peropress.com\/de\/wp-json\/wp\/v2\/pages\/3368\/revisions"}],"predecessor-version":[{"id":4230,"href":"https:\/\/peropress.com\/de\/wp-json\/wp\/v2\/pages\/3368\/revisions\/4230"}],"wp:attachment":[{"href":"https:\/\/peropress.com\/de\/wp-json\/wp\/v2\/media?parent=3368"}],"curies":[{"name":"wp","href":"https:\/\/api.w.org\/{rel}","templated":true}]}}