{"id":3360,"date":"2020-04-01T14:48:24","date_gmt":"2020-04-01T12:48:24","guid":{"rendered":"https:\/\/peropress.com\/produzione\/stampaggioappr\/"},"modified":"2020-04-01T14:48:24","modified_gmt":"2020-04-01T12:48:24","slug":"stampaggioappr","status":"publish","type":"page","link":"https:\/\/peropress.com\/de\/produktion\/stampaggioappr\/","title":{"rendered":"Approfondimento"},"content":{"rendered":"<p><div class=\"fusion-fullwidth fullwidth-box fusion-builder-row-1 nonhundred-percent-fullwidth non-hundred-percent-height-scrolling\" style=\"--awb-border-radius-top-left:0px;--awb-border-radius-top-right:0px;--awb-border-radius-bottom-right:0px;--awb-border-radius-bottom-left:0px;--awb-flex-wrap:wrap;\" ><div class=\"fusion-builder-row fusion-row\"><div class=\"fusion-layout-column fusion_builder_column fusion-builder-column-0 fusion_builder_column_1_1 1_1 fusion-one-full fusion-column-first fusion-column-last\" style=\"--awb-bg-size:cover;\"><div class=\"fusion-column-wrapper fusion-column-has-shadow fusion-flex-column-wrapper-legacy\"><div class=\"fusion-sep-clear\"><\/div><div class=\"fusion-separator fusion-no-small-visibility fusion-full-width-sep\" style=\"margin-left: auto;margin-right: auto;margin-top:65px;width:100%;\"><\/div><div class=\"fusion-sep-clear\"><\/div><div class=\"fusion-clearfix\"><\/div><\/div><\/div><div class=\"fusion-layout-column fusion_builder_column fusion-builder-column-1 fusion_builder_column_1_1 1_1 fusion-one-full fusion-column-first fusion-column-last\" style=\"--awb-bg-size:cover;\" data-scroll-devices=\"small-visibility,medium-visibility,large-visibility\"><div class=\"fusion-column-wrapper fusion-column-has-shadow fusion-flex-column-wrapper-legacy\"><div class=\"fusion-text fusion-text-1\"><p><em><strong>APPROFONDIMENTO<\/strong><\/em><\/p>\n<p><strong>Nozioni sulla deformazione plastica dei materiali<\/strong><\/p>\n<p style=\"text-align: justify;\">Per parlare della deformazione plastica, dobbiamo prima affrontare la differenza tra deformazione elastica e plastica di un materiale.<\/p>\n<p style=\"text-align: justify;\">La deformazione elastica si ha quando, una volta cessata l\u2019azione di carico su un materiale, questo riprende la sua dimensione originale.<\/p>\n<p style=\"text-align: justify;\">Nella deformazione plastica invece, pur cessando l\u2019azione di carico su un materiale, questo non riesce pi\u00f9 a tornare alla forma iniziale, cio\u00e8 quando si ha una deformazione permanente.<\/p>\n<p style=\"text-align: justify;\">Il limite elastico, nello specifico, \u00e8 la tensione alla quale ha inizio la deformazione permanente.<\/p>\n<p style=\"text-align: justify;\">La deformazione plastica pu\u00f2 avvenire quindi solo se si supera il limite elastico di un materiale.<\/p>\n<p style=\"text-align: justify;\">Essa avviene su tutti gli assi ed \u00e8 sempre a volume costante.<\/p>\n<p style=\"text-align: justify;\">Possiamo distinguere generalmente tre tipi di deformazione plastica:<\/p>\n<p style=\"text-align: justify;\">Deformazione di allungamento<\/p>\n<p style=\"text-align: justify;\">Deformazione di schiacciamento<\/p>\n<p style=\"text-align: justify;\">Deformazione di allargamento<\/p>\n<p style=\"text-align: justify;\">Essendo tale deformazione sempre a volume costante, la somma dei tre tipi di deformazione sar\u00e0 dunque sempre a volume costante.<\/p>\n<\/div><div class=\"fusion-clearfix\"><\/div><\/div><\/div><\/div><\/div><div class=\"fusion-fullwidth fullwidth-box fusion-builder-row-2 nonhundred-percent-fullwidth non-hundred-percent-height-scrolling\" style=\"--awb-border-radius-top-left:0px;--awb-border-radius-top-right:0px;--awb-border-radius-bottom-right:0px;--awb-border-radius-bottom-left:0px;--awb-flex-wrap:wrap;\" ><div class=\"fusion-builder-row fusion-row\"><div class=\"fusion-layout-column fusion_builder_column fusion-builder-column-2 fusion_builder_column_2_3 2_3 fusion-two-third fusion-column-first\" style=\"--awb-bg-size:cover;width:66.666666666667%;width:calc(66.666666666667% - ( ( 4% ) * 0.66666666666667 ) );margin-right: 4%;\"><div class=\"fusion-column-wrapper fusion-column-has-shadow fusion-flex-column-wrapper-legacy\"><div class=\"fusion-text fusion-text-2\"><p style=\"text-align: justify;\">La deformazione plastica nei metalli \u00e8 notevolmente influenzata dal reticolo dei cristalli, in particolare, nei metalli che presentano una struttura cubica a facce centrate (nichel, alluminio, rame, piombo, oro, platino e argento) tale deformazione \u00e8 molto avvantaggiata.<\/p>\n<p style=\"text-align: justify;\">Una delle peculiarit\u00e0 di tale struttura infatti \u00e8 la presenza di piani di massima densit\u00e0 (piani di atomi in cui ogni atomo considerato \u00e8 tangente ad altri 6 atomi).<\/p>\n<p style=\"text-align: justify;\">Superato il limite elastico il materiale si deforma in modo permanente, per scorrimento dei piani di atomi, l\u2019uno rispetto all\u2019altro. Questo scorrimento non avviene in modo casuale, ma, di preferenza secondo i piani di maggior densit\u00e0 atomica e su questi nelle direzioni di maggior densit\u00e0. La combinazione di una direzione e di un piano di scorrimento si chiama \u201csistema di scorrimento\u201d.<\/p>\n<\/div><div class=\"fusion-clearfix\"><\/div><\/div><\/div><div class=\"fusion-layout-column fusion_builder_column fusion-builder-column-3 fusion_builder_column_1_3 1_3 fusion-one-third fusion-column-last\" style=\"--awb-bg-size:cover;width:33.333333333333%;width:calc(33.333333333333% - ( ( 4% ) * 0.33333333333333 ) );\"><div class=\"fusion-column-wrapper fusion-column-has-shadow fusion-flex-column-wrapper-legacy\"><div class=\"fusion-image-element in-legacy-container\" style=\"--awb-caption-title-font-family:var(--h2_typography-font-family);--awb-caption-title-font-weight:var(--h2_typography-font-weight);--awb-caption-title-font-style:var(--h2_typography-font-style);--awb-caption-title-size:var(--h2_typography-font-size);--awb-caption-title-transform:var(--h2_typography-text-transform);--awb-caption-title-line-height:var(--h2_typography-line-height);--awb-caption-title-letter-spacing:var(--h2_typography-letter-spacing);\"><span class=\" fusion-imageframe imageframe-none imageframe-1 hover-type-none\"><img decoding=\"async\" width=\"257\" height=\"300\" title=\"Cubo\" src=\"https:\/\/peropress.com\/wp-content\/uploads\/2020\/03\/Cubo-257x300.png\" alt class=\"img-responsive wp-image-3359\" srcset=\"https:\/\/peropress.com\/wp-content\/uploads\/2020\/03\/Cubo-200x233.png 200w, https:\/\/peropress.com\/wp-content\/uploads\/2020\/03\/Cubo.png 361w\" sizes=\"(max-width: 800px) 100vw, 257px\" \/><\/span><\/div><div class=\"fusion-clearfix\"><\/div><\/div><\/div><\/div><\/div><div class=\"fusion-fullwidth fullwidth-box fusion-builder-row-3 nonhundred-percent-fullwidth non-hundred-percent-height-scrolling\" style=\"--awb-border-radius-top-left:0px;--awb-border-radius-top-right:0px;--awb-border-radius-bottom-right:0px;--awb-border-radius-bottom-left:0px;--awb-flex-wrap:wrap;\" ><div class=\"fusion-builder-row fusion-row\"><div class=\"fusion-layout-column fusion_builder_column fusion-builder-column-4 fusion_builder_column_1_1 1_1 fusion-one-full fusion-column-first fusion-column-last\" style=\"--awb-bg-size:cover;\"><div class=\"fusion-column-wrapper fusion-column-has-shadow fusion-flex-column-wrapper-legacy\"><div class=\"fusion-text fusion-text-3\"><p style=\"text-align: justify;\">Se si valuta lo sforzo necessario per produrre in un cristallo lo scorrimento di un piano di atomi rispetto ad un altro (scorrimento simultaneo), si ottengono valori molto elevati, ordini di grandezza maggiori di quelli riscontrati sperimentalmente. Questo \u00e8 dovuto alla presenza di dislocazioni, ossia di difetti estesi nella struttura che amplificano notevolmente la capacit\u00e0 di scorrimento dei piani.<\/p>\n<p style=\"text-align: justify;\">Per conferire una deformazione plastica omogenea e priva di difetti, \u00e8 necessario effettuare questa deformazione ad una temperatura ottimale, con il giusto formato.<\/p>\n<p style=\"text-align: justify;\">In particolare, per le leghe metalliche, \u00e8 preferibile utilizzare barre laminate che garantiscono minor cavit\u00e0 interne.<\/p>\n<p style=\"text-align: justify;\">Una temperatura adeguata invece \u00e8 funzionale per deformare notevolmente il materiale con minor sforzo e minor pericolo di rottura e di snervamento. Infatti, la conoscenza del punto di snervamento di un materiale \u00e8 di fondamentale importanza nel progetto di un componente o di un manufatto, in quanto esso generalmente segna il valore limite del carico a cui il componente pu\u00f2 resistere.<\/p>\n<p style=\"text-align: justify;\">Il valore della tensione di snervamento dipende sia dalla velocit\u00e0 di deformazione che, pi\u00f9 significativamente, dalla temperatura alla quale avviene la deformazione.<\/p>\n<p style=\"text-align: justify;\">Infatti, in particolari condizioni di temperatura e di velocit\u00e0 di deformazione si riesce a raggiungere una zona chiamata superplastica: una condizione particolare in cui gli allungamenti a rottura si modificano notevolmente, permettendo deformazioni impensabili in altre condizioni fisiche.<\/p>\n<p style=\"text-align: justify;\">Tale conoscenza \u00e8 fondamentale per il controllo di molte tecniche di produzione come la forgiatura, la laminazione e lo stampaggio.<\/p>\n<p style=\"text-align: justify;\">Tra le varie lavorazioni, la tecnica dello stampaggio garantisce propriet\u00e0 meccaniche migliori rispetto ad altri procedimenti come la fusione o la lavorazione per asportazione di trucioli.<\/p>\n<p style=\"text-align: justify;\">Questo \u00e8 dovuto principalmente alla disposizione delle fibre nel materiale. Infatti le fibre del materiale vengono deformate seguendo il flusso plastico del materiale e non interrotte, come avviene per esempio nell\u2019asportazione di truciolo, con evidenti vantaggi per la resistenza meccanica e la rottura a fatica degli elementi.<\/p>\n<p style=\"text-align: justify;\">Le fibre di fatto \u201caiutano\u201d il componente a resistere meglio alle tensioni cui \u00e8 sottoposto.<\/p>\n<\/div><div class=\"fusion-clearfix\"><\/div><\/div><\/div><\/div><\/div><div class=\"fusion-fullwidth fullwidth-box fusion-builder-row-4 nonhundred-percent-fullwidth non-hundred-percent-height-scrolling\" style=\"--awb-border-radius-top-left:0px;--awb-border-radius-top-right:0px;--awb-border-radius-bottom-right:0px;--awb-border-radius-bottom-left:0px;--awb-flex-wrap:wrap;\" ><div class=\"fusion-builder-row fusion-row\"><div class=\"fusion-layout-column fusion_builder_column fusion-builder-column-5 fusion_builder_column_1_1 1_1 fusion-one-full fusion-column-first fusion-column-last\" style=\"--awb-bg-size:cover;\"><div class=\"fusion-column-wrapper fusion-column-has-shadow fusion-flex-column-wrapper-legacy\"><div class=\"fusion-image-element fusion-image-align-center in-legacy-container\" style=\"text-align:center;--awb-caption-title-font-family:var(--h2_typography-font-family);--awb-caption-title-font-weight:var(--h2_typography-font-weight);--awb-caption-title-font-style:var(--h2_typography-font-style);--awb-caption-title-size:var(--h2_typography-font-size);--awb-caption-title-transform:var(--h2_typography-text-transform);--awb-caption-title-line-height:var(--h2_typography-line-height);--awb-caption-title-letter-spacing:var(--h2_typography-letter-spacing);\"><div class=\"imageframe-align-center\"><span class=\" fusion-imageframe imageframe-none imageframe-2 hover-type-none\"><img decoding=\"async\" width=\"782\" height=\"144\" title=\"Fibre\" src=\"https:\/\/peropress.com\/wp-content\/uploads\/2020\/03\/Fibre.png\" alt class=\"img-responsive wp-image-3458\" srcset=\"https:\/\/peropress.com\/wp-content\/uploads\/2020\/03\/Fibre-200x37.png 200w, https:\/\/peropress.com\/wp-content\/uploads\/2020\/03\/Fibre-400x74.png 400w, https:\/\/peropress.com\/wp-content\/uploads\/2020\/03\/Fibre-600x110.png 600w, https:\/\/peropress.com\/wp-content\/uploads\/2020\/03\/Fibre.png 782w\" sizes=\"(max-width: 800px) 100vw, 782px\" \/><\/span><\/div><\/div><div class=\"fusion-clearfix\"><\/div><\/div><\/div><\/div><\/div><div class=\"fusion-fullwidth fullwidth-box fusion-builder-row-5 nonhundred-percent-fullwidth non-hundred-percent-height-scrolling\" style=\"--awb-border-radius-top-left:0px;--awb-border-radius-top-right:0px;--awb-border-radius-bottom-right:0px;--awb-border-radius-bottom-left:0px;--awb-flex-wrap:wrap;\" ><div class=\"fusion-builder-row fusion-row\"><div class=\"fusion-layout-column fusion_builder_column fusion-builder-column-6 fusion_builder_column_1_1 1_1 fusion-one-full fusion-column-first fusion-column-last\" style=\"--awb-bg-size:cover;\"><div class=\"fusion-column-wrapper fusion-column-has-shadow fusion-flex-column-wrapper-legacy\"><div class=\"fusion-text fusion-text-4\"><p style=\"text-align: justify;\">Un altro aspetto che migliora le caratteristiche meccaniche degli elementi sottoposti a questa lavorazione \u00e8 la compattazione molecolare dovuta proprio nel metodo di fabbricazione.<\/p>\n<p style=\"text-align: justify;\">Tra le deformazioni a caldo invece, in cui si verifica questa deformazione fibrosa, vi sono delle differenze dovute al procedimento di fabbricazione.<\/p>\n<p style=\"text-align: justify;\">La scelta della tipologia di lavorazione a caldo pi\u00f9 idonea deve essere effettuata durante la fase di progettazione del pezzo.<\/p>\n<\/div><div class=\"fusion-clearfix\"><\/div><\/div><\/div><\/div><\/div><div class=\"fusion-fullwidth fullwidth-box fusion-builder-row-6 nonhundred-percent-fullwidth non-hundred-percent-height-scrolling\" style=\"--awb-border-radius-top-left:0px;--awb-border-radius-top-right:0px;--awb-border-radius-bottom-right:0px;--awb-border-radius-bottom-left:0px;--awb-flex-wrap:wrap;\" ><div class=\"fusion-builder-row fusion-row\"><div class=\"fusion-layout-column fusion_builder_column fusion-builder-column-7 fusion_builder_column_2_3 2_3 fusion-two-third fusion-column-first\" style=\"--awb-bg-size:cover;width:66.666666666667%;width:calc(66.666666666667% - ( ( 4% ) * 0.66666666666667 ) );margin-right: 4%;\"><div class=\"fusion-column-wrapper fusion-column-has-shadow fusion-flex-column-wrapper-legacy\"><div class=\"fusion-text fusion-text-5\"><p style=\"text-align: justify;\">Mentre tramite la fucinatura si riesce ad ottenere solo maggiore resistenza meccanica e minore peso del pezzo a parit\u00e0 di resistenza, con lo stampaggio a caldo si hanno anche i seguenti vantaggi:<\/p>\n<\/div><ul style=\"--awb-line-height:30.6px;--awb-icon-width:30.6px;--awb-icon-height:30.6px;--awb-icon-margin:12.6px;--awb-content-margin:43.2px;\" class=\"fusion-checklist fusion-checklist-1 fusion-checklist-default type-icons\"><li class=\"fusion-li-item\" style=\"\"><span class=\"icon-wrapper circle-no\"><i class=\"fusion-li-icon fa-circle fas\" aria-hidden=\"true\"><\/i><\/span><div class=\"fusion-li-item-content\">\n<p style=\"text-align: justify;\">Realizzazione della forma del pezzo quasi definitiva<\/p>\n<\/div><\/li><li class=\"fusion-li-item\" style=\"\"><span class=\"icon-wrapper circle-no\"><i class=\"fusion-li-icon fa-circle fas\" aria-hidden=\"true\"><\/i><\/span><div class=\"fusion-li-item-content\">\n<p style=\"text-align: justify;\">Minor sovrametallo sulle superfici che andranno lavorate meccanicamente e svuotamenti importanti che si possono realizzare direttamente tramite stampaggio<\/p>\n<\/div><\/li><li class=\"fusion-li-item\" style=\"\"><span class=\"icon-wrapper circle-no\"><i class=\"fusion-li-icon fa-circle fas\" aria-hidden=\"true\"><\/i><\/span><div class=\"fusion-li-item-content\">\n<p style=\"text-align: justify;\">Risparmio di materiale: oltre al minor sovrametallo necessario alle lavorazioni successive, questa tecnica a differenza della fusione o dalla lavorazione dal pieno consente il massimo risparmio di materiale<\/p>\n<\/div><\/li><li class=\"fusion-li-item\" style=\"\"><span class=\"icon-wrapper circle-no\"><i class=\"fusion-li-icon fa-circle fas\" aria-hidden=\"true\"><\/i><\/span><div class=\"fusion-li-item-content\">\n<p style=\"text-align: justify;\">Maggior facilit\u00e0 nel piazzare i pezzi sulle macchine utensili<\/p>\n<\/div><\/li><li class=\"fusion-li-item\" style=\"\"><span class=\"icon-wrapper circle-no\"><i class=\"fusion-li-icon fa-circle fas\" aria-hidden=\"true\"><\/i><\/span><div class=\"fusion-li-item-content\">\n<p style=\"text-align: justify;\">Minor tempo di lavorazione meccanica con asportazione di truciolo<\/p>\n<\/div><\/li><\/ul><div class=\"fusion-clearfix\"><\/div><\/div><\/div><div class=\"fusion-layout-column fusion_builder_column fusion-builder-column-8 fusion_builder_column_1_3 1_3 fusion-one-third fusion-column-last\" style=\"--awb-bg-size:cover;width:33.333333333333%;width:calc(33.333333333333% - ( ( 4% ) * 0.33333333333333 ) );\"><div class=\"fusion-column-wrapper fusion-column-has-shadow fusion-flex-column-wrapper-legacy\"><div class=\"fusion-image-element in-legacy-container\" style=\"--awb-caption-title-font-family:var(--h2_typography-font-family);--awb-caption-title-font-weight:var(--h2_typography-font-weight);--awb-caption-title-font-style:var(--h2_typography-font-style);--awb-caption-title-size:var(--h2_typography-font-size);--awb-caption-title-transform:var(--h2_typography-text-transform);--awb-caption-title-line-height:var(--h2_typography-line-height);--awb-caption-title-letter-spacing:var(--h2_typography-letter-spacing);\"><span class=\" fusion-imageframe imageframe-none imageframe-3 hover-type-none\"><img decoding=\"async\" width=\"312\" height=\"561\" title=\"Fucinatura\" src=\"https:\/\/peropress.com\/wp-content\/uploads\/2020\/03\/Fucinatura.png\" alt class=\"img-responsive wp-image-3459\" srcset=\"https:\/\/peropress.com\/wp-content\/uploads\/2020\/03\/Fucinatura-200x360.png 200w, https:\/\/peropress.com\/wp-content\/uploads\/2020\/03\/Fucinatura.png 312w\" sizes=\"(max-width: 800px) 100vw, 312px\" \/><\/span><\/div><div class=\"fusion-clearfix\"><\/div><\/div><\/div><\/div><\/div><div class=\"fusion-fullwidth fullwidth-box fusion-builder-row-7 nonhundred-percent-fullwidth non-hundred-percent-height-scrolling\" style=\"--awb-border-radius-top-left:0px;--awb-border-radius-top-right:0px;--awb-border-radius-bottom-right:0px;--awb-border-radius-bottom-left:0px;--awb-flex-wrap:wrap;\" ><div class=\"fusion-builder-row fusion-row\"><div class=\"fusion-layout-column fusion_builder_column fusion-builder-column-9 fusion_builder_column_1_1 1_1 fusion-one-full fusion-column-first fusion-column-last\" style=\"--awb-bg-size:cover;\"><div class=\"fusion-column-wrapper fusion-column-has-shadow fusion-flex-column-wrapper-legacy\"><div class=\"fusion-text fusion-text-6\"><p style=\"text-align: center;\"><strong>Tramite l\u2019operazione di stampaggio a caldo si ottiene quindi una forte riduzione dei costi di produzione oltre che a caratteristiche meccaniche nettamente superiori.<\/strong><\/p>\n<\/div><div class=\"fusion-clearfix\"><\/div><\/div><\/div><\/div><\/div><\/p>\n","protected":false},"excerpt":{"rendered":"","protected":false},"author":2,"featured_media":0,"parent":3358,"menu_order":0,"comment_status":"closed","ping_status":"closed","template":"","meta":{"footnotes":""},"class_list":["post-3360","page","type-page","status-publish","hentry"],"_links":{"self":[{"href":"https:\/\/peropress.com\/de\/wp-json\/wp\/v2\/pages\/3360","targetHints":{"allow":["GET"]}}],"collection":[{"href":"https:\/\/peropress.com\/de\/wp-json\/wp\/v2\/pages"}],"about":[{"href":"https:\/\/peropress.com\/de\/wp-json\/wp\/v2\/types\/page"}],"author":[{"embeddable":true,"href":"https:\/\/peropress.com\/de\/wp-json\/wp\/v2\/users\/2"}],"replies":[{"embeddable":true,"href":"https:\/\/peropress.com\/de\/wp-json\/wp\/v2\/comments?post=3360"}],"version-history":[{"count":0,"href":"https:\/\/peropress.com\/de\/wp-json\/wp\/v2\/pages\/3360\/revisions"}],"up":[{"embeddable":true,"href":"https:\/\/peropress.com\/de\/wp-json\/wp\/v2\/pages\/3358"}],"wp:attachment":[{"href":"https:\/\/peropress.com\/de\/wp-json\/wp\/v2\/media?parent=3360"}],"curies":[{"name":"wp","href":"https:\/\/api.w.org\/{rel}","templated":true}]}}