{"id":3355,"date":"2020-02-12T18:53:09","date_gmt":"2020-02-12T17:53:09","guid":{"rendered":"https:\/\/peropress.com\/privacy-policy\/"},"modified":"2023-12-18T14:53:50","modified_gmt":"2023-12-18T13:53:50","slug":"privacy-policy","status":"publish","type":"page","link":"https:\/\/peropress.com\/de\/privacy-policy\/","title":{"rendered":"Privacy Policy"},"content":{"rendered":"<h4 class=\"fusion-responsive-typography-calculated\" style=\"text-align: justify;\" data-fontsize=\"30\" data-lineheight=\"36px\"><strong>Datenschutzerkl\u00e4rung<\/strong><\/h4>\n<p style=\"text-align: justify;\">Ihre Privatsph\u00e4re ist wichtig f\u00fcr uns und wir bem\u00fchen uns um weitestgehende Offenheit und Transparenz im Hinblick auf alles, was die Verarbeitung der Daten unserer Kunden betrifft. In der vorliegenden Datenschutzerkl\u00e4rung erl\u00e4utern wir, welche und warum wir personenbezogenen Daten erfassen und wie wir sie verarbeiten. Hier erfahren Sie auch, wie Sie Ihre personenbezogenen Daten pr\u00fcfen, berichtigen oder l\u00f6schen k\u00f6nnen, wenn Sie dies w\u00fcnschen. Wir erfassen personenbezogene Daten, um Ihnen besseren Service bieten zu k\u00f6nnen: beispielsweise, um unsere Verkaufsstellen zu optimieren, um unser Angebot auf die Bed\u00fcrfnisse unserer Kunden abzustimmen und um Mitteilungen und Angebote an unsere Kunden individuell zu gestalten. Dadurch erfahren Sie mehr dar\u00fcber, was in Ihren Interessensbereich f\u00e4llt und erhalten weniger Werbung. Durch die Erfassung personenbezogener Daten k\u00f6nnen wir die Abwicklung beim Verkauf oder bei der Erbringung von Serviceleistungen vereinfachen, damit Sie schneller am Ziel sind.<\/p>\n<h4 class=\"fusion-responsive-typography-calculated\" style=\"text-align: justify;\" data-fontsize=\"30\" data-lineheight=\"36px\"><strong>Wer ist verantwortlich?<\/strong><\/h4>\n<p style=\"text-align: justify;\">F\u00fcr die Verarbeitung Ihrer personenbezogenen Daten in der Schweiz ist die Fa. <strong>PERO-PRESS AG, Via R\u00e9siga 7, CH-6883 Novazzano, Switzerland<\/strong> verantwortlich.<\/p>\n<h4 class=\"fusion-responsive-typography-calculated\" style=\"text-align: justify;\" data-fontsize=\"30\" data-lineheight=\"36px\"><strong>Erfassung personenbezogene Daten<\/strong><\/h4>\n<p style=\"text-align: justify;\">Wir erfassen und verarbeiten personenbezogene Daten in zahlreichen Situationen und zu verschiedenen Zwecken. Wenn Sie unsere Website besuchen, unseren Kundenservice kontaktieren oder \u00fcber einen der verf\u00fcgbaren Kan\u00e4le mit uns kommunizieren, erfassen wir Informationen, um unseren Service f\u00fcr Sie zu verbessern.<br \/>\nWir erhalten auch von Dritten Informationen. In jedem Fall werden die von Dritten erhaltenen Daten mit derselben Sorgfalt und Sicherheit verarbeitet, wie die direkt von uns verwalteten Daten.<br \/>\nWenn Sie beschliessen, uns bestimmte von uns angeforderte personenbezogene Daten nicht zur Verf\u00fcgung zu stellen, haben Sie ggf. nicht auf alle Seiten der Website Zugriff. Zudem sind wir dann eventuell nicht in der Lage, Ihre Anfragen zu beantworten oder bestimmte Leistungen zu erbringen.<br \/>\nDas, was wir erfassen, h\u00e4ngt davon ab, welche Daten f\u00fcr die Lieferung bestimmter Serviceleistungen erforderlich sind.<\/p>\n<h4 class=\"fusion-responsive-typography-calculated\" style=\"text-align: justify;\" data-fontsize=\"30\" data-lineheight=\"36px\"><strong>Wie lange speichern wir Ihre personenbezogenen Daten?<\/strong><\/h4>\n<p style=\"text-align: justify;\">Wir speichern Ihre personenbezogenen Daten so lange, wie wir dies im Rahmen der gesetzlichen Bestimmungen als notwendig oder sinnvoll erachten, oder so lange, wie dies zur Erreichung der Zwecke ben\u00f6tigt wird, f\u00fcr die sie erfasst wurden.<br \/>\nIhre personenbezogenen Daten werden in dem Moment gel\u00f6scht, in dem sie nicht mehr ben\u00f6tigt werden.<\/p>\n<h4 class=\"fusion-responsive-typography-calculated\" style=\"text-align: justify;\" data-fontsize=\"30\" data-lineheight=\"36px\"><strong>Wie verwenden wir personenbezogene Daten?<\/strong><\/h4>\n<p style=\"text-align: justify;\">Wir verwenden die personenbezogenen Daten, die Sie uns geliefert haben oder die wir erfasst haben, um Ihnen optimalen Service zu bieten oder Ihnen die Suche oder den Kontakt mit unserem Kundenservice zu erleichtern. Wir verwenden die Daten auch, um das Kundenverhalten zu analysieren, damit wir die Website, Werbung und unser Marketing optimieren k\u00f6nnen.<br \/>\nWir k\u00f6nnen Ihre personenbezogenen Daten zu einem oder mehreren der folgenden Zwecke verarbeiten:<\/p>\n<ul style=\"text-align: justify;\">\n<li>Produkte und Service f\u00fcr Kunden;<\/li>\n<li>Kommunikation mit dem Kunden;<\/li>\n<li>Wettbewerbe und Veranstaltungen;<\/li>\n<li>Analyse des Kundenverhaltens;<\/li>\n<li>Direktmarketing.<\/li>\n<\/ul>\n<p style=\"text-align: justify;\">Wir versichern Ihnen, dass f\u00fcr jede Form der Verarbeitung ein pr\u00e4ziser Zweck und die entsprechenden rechtlichen Grundlagen vorliegen.<\/p>\n<h4 class=\"fusion-responsive-typography-calculated\" style=\"text-align: justify;\" data-fontsize=\"30\" data-lineheight=\"36px\"><strong>Teilung personenbezogener Daten<\/strong><\/h4>\n<p style=\"text-align: justify;\">In manchen F\u00e4llen \u00fcbermitteln wir Ihre Daten an Dritte. In keinem Fall jedoch werden Ihre personenbezogenen Daten an Dritte verkauft. Wenn wir mit externen Unternehmen arbeiten, die Serviceleistungen f\u00fcr uns erbringen und daf\u00fcr personenbezogene Daten ben\u00f6tigen und verarbeiten, k\u00f6nnen die betreffenden Serviceanbieter Ihre Daten nur zu Zwecken verwenden, die von <strong>PERO-PRESS AG<\/strong> vorgegeben sind. Das bedeutet, sie k\u00f6nnen diese Daten nicht zu eigenen Zwecken verwenden oder sie an Dritte weitergeben. Es kann auch sein, dass wir gesetzlich dazu verpflichtet sind, Ihre Daten an Beh\u00f6rden oder Dritte weiter zu geben. In jedem Fall geben wir personenbezogene Daten nur im Rahmen der gesetzlichen Bestimmungen weiter.<br \/>\nWenn wir uns auf externe Zahlungsservice-Anbieter st\u00fctzen, \u00fcbermitteln wir ggf. Informationen zu der Zahlungshistorie sowie personenbezogene Daten, die f\u00fcr den Kaufabschluss ben\u00f6tigt werden. Wie andere Dritte sind auch externe Zahlungsservice-Anbieter ausschliesslich dazu befugt, personenbezogene Daten zu den in der vorliegenden Datenschutzerkl\u00e4rung aufgef\u00fchrten Zwecken zu verwenden.<br \/>\nWir k\u00f6nnen Ihre personenbezogenen Daten zu den in der vorliegenden Datenschutzerkl\u00e4rung aufgef\u00fchrten Zwecken an andere Unternehmen von <strong>PERO-PRESS AG<\/strong> weitergeben.<strong> <\/strong>Diese Unternehmen k\u00f6nnen Ihre Daten in eigenem Interesse zu unseren Zwecken verwenden. Diese Unternehmen k\u00f6nnen Ihre Daten in eigenem Interesse zu unseren Zwecken verwenden. Insbesondere k\u00f6nnen Unternehmen von <strong>PERO-PRESS AG<\/strong><strong> <\/strong>Ihre Daten in eigenem Interesse f\u00fcr die individuelle und personalisierte Analyse des Kundenverhaltens und f\u00fcr Direktmarketing verwenden. Die Mitarbeiter von <strong>PERO-PRESS AG<\/strong><strong> <\/strong>sind nur in dem Umfang dazu befugt, auf Ihre personenbezogenen Daten zuzugreifen, wie dies f\u00fcr die Erf\u00fcllung ihrer beruflichen Aufgaben erforderlich ist.<br \/>\nServiceanbieter aus L\u00e4ndern, in denen kein mit den Schweizer Gesetzen \u00e4quivalenter Schutz personenbezogener Daten vorgesehen ist, werden in jedem Fall von <strong>PERO-PRESS AG<\/strong><strong> <\/strong>dazu verpflichtet, die einschl\u00e4gigen Schweizer Normen und Bestimmungen einzuhalten.<br \/>\nZudem k\u00f6nnen wir Ihre personenbezogenen Daten in den F\u00e4llen weitergeben, in denen dies gesetzlich erforderlich ist, im Zusammenhang mit Gerichtsverfahren, auf Antrag eines Gerichts oder der zust\u00e4ndigen Beh\u00f6rden oder in anderen gesetzlich vorgeschriebenen F\u00e4llen, wenn dies zum Schutz und zur Wahrung unserer Rechte oder unseres Verm\u00f6gens notwendig ist.<\/p>\n<h4 class=\"fusion-responsive-typography-calculated\" style=\"text-align: justify;\" data-fontsize=\"30\" data-lineheight=\"36px\"><strong>Schutzgarantie f\u00fcr personenbezogene Daten<\/strong><\/h4>\n<p style=\"text-align: justify;\">Wir verf\u00fcgen \u00fcber die notwendigen technischen und organisatorischen Vorrausetzungen, um die Geheimhaltung und Immunit\u00e4t Ihrer personenbezogenen Daten zu gew\u00e4hrleisten. Wir sch\u00fctzen Ihre personenbezogenen Daten vor nicht genehmigter oder versehentlicher Vernichtung, versehentlichem Verlust, technischen Fehlern, F\u00e4lschung, Diebstahl oder unrechtm\u00e4ssiger Nutzung, vor Ver\u00e4nderung, Vervielf\u00e4ltigung, Zugriff und sonstigen nicht genehmigten Formen der Verarbeitung.<br \/>\nSie m\u00fcssen sich jedoch der Tatsache bewusst sein, dass die \u00dcbertragung von Informationen \u00fcber das Internet oder andere elektronische Mittel unvermeidliche Risiken in sich birgt und dass wir demzufolge keine Garantie f\u00fcr die Sicherheit der Informationen leisten k\u00f6nnen, die auf den oben genannten Wegen an uns \u00fcbermittelt werden.<\/p>\n<h4 class=\"fusion-responsive-typography-calculated\" style=\"text-align: justify;\" data-fontsize=\"30\" data-lineheight=\"36px\"><strong>Zugriff auf Ihre Daten, Berichtigung und L\u00f6schung<\/strong><\/h4>\n<p style=\"text-align: justify;\">Sie haben das Recht, eine Kopie der Sie pers\u00f6nlich betreffenden Informationen zu fordern, die in unserem Besitz sind. Wenn Sie eine Kopie einiger oder aller Ihrer personenbezogenen Daten w\u00fcnschen, melden Sie sich bitte bei den unten angegebenen Kontaktadressen.<br \/>\nFalsche Daten werden wir auf Ihre Anfrage hin aktualisieren.<br \/>\nSie k\u00f6nnen verlangen, dass Ihre Daten gel\u00f6scht und nicht mehr verwendet werden. Wenn Sie der Verwendung Ihrer Daten zugestimmt haben, k\u00f6nnen Sie diese Einwilligung widerrufen. Wir k\u00f6nnen jedoch ggf. dazu verpflichtet sein, Daten, f\u00fcr die Sie Ihre Einwilligung widerrufen haben, weiterhin zu speichern.<br \/>\nBitte beachten Sie, dass die L\u00f6schung Ihrer Daten die Bereitstellung einiger unserer Servicelistungen, die unsere Produkte betreffen, einschr\u00e4nken kann, beispielsweise den Nachweis der Garantie.<\/p>\n<h4 class=\"fusion-responsive-typography-calculated\" style=\"text-align: justify;\" data-fontsize=\"30\" data-lineheight=\"36px\"><strong>Beschwerden und Kontrollorgan<\/strong><\/h4>\n<p style=\"text-align: justify;\">Wenn Sie den Eindruck haben, dass wir Ihre personenbezogenen Daten unrechtm\u00e4ssig verarbeitet haben, k\u00f6nnen Sie sich jederzeit an uns wenden. Der zust\u00e4ndige Eidgen\u00f6ssische Datenschutz- und \u00d6ffentlichkeitsbeauftragte (ED\u00d6B) ist f\u00fcr die Anwendung des Gesetzes und die \u00dcberwachung des Datenschutzes in der Schweiz verantwortlich. Auch Beschwerden k\u00f6nnen an den ED\u00d6B gerichtet werden: unter der Kontaktadresse <a href=\"https:\/\/www.edoeb.admin.ch\/edoeb\/it\/home\/der-edoeb\/kontakt.html\">Hier<\/a> oder telefonisch unter der Nummer +41 (0)58 462 43 95.<\/p>\n<h4 class=\"fusion-responsive-typography-calculated\" style=\"text-align: justify;\" data-fontsize=\"30\" data-lineheight=\"36px\"><strong>Kontakt<\/strong><\/h4>\n<p style=\"text-align: justify;\">Wenn Sie Fragen zu unserer Datenschutzerkl\u00e4rung oder zu Ihren uns vorliegenden personenbezogenen Daten haben, wenden Sie sich an uns:<\/p>\n<p style=\"text-align: justify;\">schriftlich:<br \/>\n<strong>PERO-PRESS AG<br \/>\nVia R\u00e9siga, 8<br \/>\nCH-6883 Novazzano<br \/>\nSwitzerland<\/strong><\/p>\n<h4 class=\"fusion-responsive-typography-calculated\" style=\"text-align: justify;\" data-fontsize=\"30\" data-lineheight=\"36px\"><strong>Aktualisierung der Datenschutzerkl\u00e4rung<\/strong><\/h4>\n<p style=\"text-align: justify;\">Wir k\u00f6nnen die vorliegende Datenschutzerkl\u00e4rung nach unserem Ermessen und ohne Vorank\u00fcndigung von Zeit zu Zeit aktualisieren, ver\u00e4ndern, erg\u00e4nzen oder in anderer Form bearbeiten. Das bedeutet, dass Ihre von uns zuvor erfassten personenbezogenen Daten anders verarbeitet werden k\u00f6nnen. Vi consigliamo di controllare regolarmente se la nostra informativa sulla privacy \u00e8 stata aggiornata.<\/p>\n","protected":false},"excerpt":{"rendered":"<p>Datenschutzerkl\u00e4rung Ihre Privatsph\u00e4re ist wichtig f\u00fcr uns und wir bem\u00fchen [&hellip;]<\/p>\n","protected":false},"author":2,"featured_media":0,"parent":0,"menu_order":0,"comment_status":"closed","ping_status":"open","template":"","meta":{"footnotes":""},"class_list":["post-3355","page","type-page","status-publish","hentry"],"_links":{"self":[{"href":"https:\/\/peropress.com\/de\/wp-json\/wp\/v2\/pages\/3355","targetHints":{"allow":["GET"]}}],"collection":[{"href":"https:\/\/peropress.com\/de\/wp-json\/wp\/v2\/pages"}],"about":[{"href":"https:\/\/peropress.com\/de\/wp-json\/wp\/v2\/types\/page"}],"author":[{"embeddable":true,"href":"https:\/\/peropress.com\/de\/wp-json\/wp\/v2\/users\/2"}],"replies":[{"embeddable":true,"href":"https:\/\/peropress.com\/de\/wp-json\/wp\/v2\/comments?post=3355"}],"version-history":[{"count":1,"href":"https:\/\/peropress.com\/de\/wp-json\/wp\/v2\/pages\/3355\/revisions"}],"predecessor-version":[{"id":3758,"href":"https:\/\/peropress.com\/de\/wp-json\/wp\/v2\/pages\/3355\/revisions\/3758"}],"wp:attachment":[{"href":"https:\/\/peropress.com\/de\/wp-json\/wp\/v2\/media?parent=3355"}],"curies":[{"name":"wp","href":"https:\/\/api.w.org\/{rel}","templated":true}]}}