{"id":3352,"date":"2023-09-20T13:47:38","date_gmt":"2023-09-20T11:47:38","guid":{"rendered":"https:\/\/peropress.com\/la-nostra-storia\/"},"modified":"2024-01-19T11:02:19","modified_gmt":"2024-01-19T10:02:19","slug":"die-geschichte-von-pero-press","status":"publish","type":"page","link":"https:\/\/peropress.com\/de\/die-geschichte-von-pero-press\/","title":{"rendered":"Die Geschichte von PERO-PRESS"},"content":{"rendered":"<div class=\"fusion-fullwidth fullwidth-box fusion-builder-row-1 fusion-flex-container has-pattern-background has-mask-background nonhundred-percent-fullwidth non-hundred-percent-height-scrolling\" style=\"--awb-border-radius-top-left:0px;--awb-border-radius-top-right:0px;--awb-border-radius-bottom-right:0px;--awb-border-radius-bottom-left:0px;--awb-flex-wrap:wrap;\" ><div class=\"fusion-builder-row fusion-row fusion-flex-align-items-flex-start fusion-flex-content-wrap\" style=\"max-width:1185.6px;margin-left: calc(-4% \/ 2 );margin-right: calc(-4% \/ 2 );\"><div class=\"fusion-layout-column fusion_builder_column fusion-builder-column-0 fusion_builder_column_1_1 1_1 fusion-flex-column\" style=\"--awb-bg-size:cover;--awb-width-large:100%;--awb-margin-top-large:0px;--awb-spacing-right-large:1.92%;--awb-margin-bottom-large:20px;--awb-spacing-left-large:1.92%;--awb-width-medium:100%;--awb-order-medium:0;--awb-spacing-right-medium:1.92%;--awb-spacing-left-medium:1.92%;--awb-width-small:100%;--awb-order-small:0;--awb-spacing-right-small:1.92%;--awb-spacing-left-small:1.92%;\"><div class=\"fusion-column-wrapper fusion-column-has-shadow fusion-flex-justify-content-flex-start fusion-content-layout-column\"><div class=\"fusion-separator fusion-full-width-sep\" style=\"align-self: center;margin-left: auto;margin-right: auto;margin-top:15px;margin-bottom:15px;width:100%;\"><\/div><div class=\"fusion-title title fusion-title-1 fusion-sep-none fusion-title-center fusion-title-text fusion-title-size-one\" style=\"--awb-text-color:var(--awb-color6);\"><h1 class=\"fusion-title-heading title-heading-center fusion-responsive-typography-calculated\" style=\"margin:0;--fontSize:67;line-height:1.4;\">Die Geschichte von PERO-PRESS<\/h1><\/div><div class=\"fusion-text fusion-text-1\"><p style=\"text-align: justify;\">PERO-PRESS wurde im Mai 1985 von <strong>Edmondo Piffaretti<\/strong> zusammen mit anderen Teilhabern gegr\u00fcndet und begann mit 8 spezialisierten Mitarbeitern, die auf eine solide Erfahrung seit den 1960er Jahren im Scherenbau zur\u00fcckgreifen konnten.<\/p>\n<\/div><div class=\"fusion-separator fusion-full-width-sep\" style=\"align-self: center;margin-left: auto;margin-right: auto;margin-bottom:10px;width:100%;\"><\/div><div class=\"fusion-image-element \" style=\"text-align:center;--awb-caption-title-font-family:var(--h2_typography-font-family);--awb-caption-title-font-weight:var(--h2_typography-font-weight);--awb-caption-title-font-style:var(--h2_typography-font-style);--awb-caption-title-size:var(--h2_typography-font-size);--awb-caption-title-transform:var(--h2_typography-text-transform);--awb-caption-title-line-height:var(--h2_typography-line-height);--awb-caption-title-letter-spacing:var(--h2_typography-letter-spacing);\"><span class=\" fusion-imageframe imageframe-none imageframe-1 hover-type-none\"><img decoding=\"async\" width=\"600\" height=\"400\" title=\"Foto primi collaboratori peropress 600 x 400\" src=\"https:\/\/peropress.com\/wp-content\/uploads\/2023\/10\/Foto-primi-collaboratori-peropress-600-x-400.png\" alt class=\"img-responsive wp-image-3353\" srcset=\"https:\/\/peropress.com\/wp-content\/uploads\/2023\/10\/Foto-primi-collaboratori-peropress-600-x-400-200x133.png 200w, https:\/\/peropress.com\/wp-content\/uploads\/2023\/10\/Foto-primi-collaboratori-peropress-600-x-400-400x267.png 400w, https:\/\/peropress.com\/wp-content\/uploads\/2023\/10\/Foto-primi-collaboratori-peropress-600-x-400.png 600w\" sizes=\"(max-width: 1024px) 100vw, (max-width: 640px) 100vw, 600px\" \/><\/span><\/div><div class=\"fusion-separator fusion-full-width-sep\" style=\"align-self: center;margin-left: auto;margin-right: auto;margin-top:10px;width:100%;\"><\/div><\/div><\/div><div class=\"fusion-layout-column fusion_builder_column fusion-builder-column-1 fusion_builder_column_1_1 1_1 fusion-flex-column\" style=\"--awb-bg-size:cover;--awb-width-large:100%;--awb-margin-top-large:0px;--awb-spacing-right-large:1.92%;--awb-margin-bottom-large:20px;--awb-spacing-left-large:1.92%;--awb-width-medium:100%;--awb-order-medium:0;--awb-spacing-right-medium:1.92%;--awb-spacing-left-medium:1.92%;--awb-width-small:100%;--awb-order-small:0;--awb-spacing-right-small:1.92%;--awb-spacing-left-small:1.92%;\"><div class=\"fusion-column-wrapper fusion-column-has-shadow fusion-flex-justify-content-flex-start fusion-content-layout-column\"><div class=\"fusion-text fusion-text-2\"><p style=\"text-align: justify;\">Urspr\u00fcnglich in der Roncaglia 16 in Novazzano ans\u00e4ssig, begann das Unternehmen im Juli 1985 mit der Produktion von Warmschmiedest\u00fccken aus Messing und anderen Nichteisenlegierungen.<\/p>\n<p style=\"text-align: justify;\">Mit der Ankunft der ersten Senkerodiermaschine im Jahr 1986, wurde die mechanische Werkstatt er\u00f6ffnet. Daraufhin konnte man mit dem eigenst\u00e4ndigen Bau aller f\u00fcr die Produktion erforderlichen Press- und Stanzwerkzeugen und der entsprechenden Vorrichtungen starten.<\/p>\n<p style=\"text-align: justify;\">Im Jahr 1991 trat <strong>Simona Piffaretti<\/strong> in das Unternehmen ein und k\u00fcmmerte sich gemeinsam mit ihrem Vater um alle administrativen Aspekte des Unternehmens.<\/p>\n<p style=\"text-align: justify;\">Da das Produktionsvolumen stieg, reichte der verf\u00fcgbare Platz nicht mehr aus, um den Anforderungen der Kunden gerecht zu werden. So wurde in der Via R\u00e9siga 8 in Novazzano mit dem Bau der heutigen Produktionsgeb\u00e4ude angefangen. Die Einweihung der neuen R\u00e4umlichkeiten fand im M\u00e4rz 1998 statt.<\/p>\n<p style=\"text-align: justify;\">Die erste CNC-Fr\u00e4smaschine wurde 1999 f\u00fcr die Herstellung von Schmiedewerkzeugen, sowie das erste 3D-CAD-CAM-Programm f\u00fcr die Durchf\u00fchrung komplexer Bearbeitungsvorg\u00e4nge in Zusammenhang mit diesen, in den Betrieb genommen.<\/p>\n<p style=\"text-align: justify;\">Mit dem Eintritt von <strong>Giovanni Curatolo<\/strong> als Produktionsleiter, wurde die Bearbeitungsabteilung im Jahr 2006 durch den Erwerb neuer CNC-Maschinen erweitert.<\/p>\n<p style=\"text-align: justify;\">Im Jahr 2017 wurde eine neue Abteilung f\u00fcr das Schleifen und das Glanzpolieren von Messingteilen er\u00f6ffnet.<\/p>\n<p style=\"text-align: justify;\">Die im Laufe der Zeit aufgetretenen Probleme zeigten, dass es notwendig war, jeden einzelnen Schritt des Herstellungsprozesses direkt steuern zu k\u00f6nnen, um einen qualitativ hochwertigen und effizienten Service zu gew\u00e4hrleisten. Dies erm\u00f6glichte PERO-PRESS, in all diesen Jahren ihrer Kundschaft ein Qualit\u00e4tsprodukt zu liefern.<\/p>\n<\/div><div class=\"fusion-separator fusion-full-width-sep\" style=\"align-self: center;margin-left: auto;margin-right: auto;margin-top:30px;width:100%;\"><\/div><\/div><\/div><\/div><\/div>\n","protected":false},"excerpt":{"rendered":"","protected":false},"author":2,"featured_media":0,"parent":0,"menu_order":0,"comment_status":"closed","ping_status":"closed","template":"","meta":{"footnotes":""},"class_list":["post-3352","page","type-page","status-publish","hentry"],"_links":{"self":[{"href":"https:\/\/peropress.com\/de\/wp-json\/wp\/v2\/pages\/3352","targetHints":{"allow":["GET"]}}],"collection":[{"href":"https:\/\/peropress.com\/de\/wp-json\/wp\/v2\/pages"}],"about":[{"href":"https:\/\/peropress.com\/de\/wp-json\/wp\/v2\/types\/page"}],"author":[{"embeddable":true,"href":"https:\/\/peropress.com\/de\/wp-json\/wp\/v2\/users\/2"}],"replies":[{"embeddable":true,"href":"https:\/\/peropress.com\/de\/wp-json\/wp\/v2\/comments?post=3352"}],"version-history":[{"count":17,"href":"https:\/\/peropress.com\/de\/wp-json\/wp\/v2\/pages\/3352\/revisions"}],"predecessor-version":[{"id":3800,"href":"https:\/\/peropress.com\/de\/wp-json\/wp\/v2\/pages\/3352\/revisions\/3800"}],"wp:attachment":[{"href":"https:\/\/peropress.com\/de\/wp-json\/wp\/v2\/media?parent=3352"}],"curies":[{"name":"wp","href":"https:\/\/api.w.org\/{rel}","templated":true}]}}