{"id":3350,"date":"2023-09-20T13:21:26","date_gmt":"2023-09-20T11:21:26","guid":{"rendered":"https:\/\/peropress.com\/costruzioni-stampi-e-attrezzature\/"},"modified":"2023-12-27T12:03:47","modified_gmt":"2023-12-27T11:03:47","slug":"werkzeuge-und-vorrichtungen","status":"publish","type":"page","link":"https:\/\/peropress.com\/de\/werkzeuge-und-vorrichtungen\/","title":{"rendered":"Werkzeugbau"},"content":{"rendered":"<p><div id=\"Werkzeugbau\" class=\"fusion-container-anchor\"><div class=\"fusion-fullwidth fullwidth-box fusion-builder-row-1 has-pattern-background has-mask-background nonhundred-percent-fullwidth non-hundred-percent-height-scrolling\" style=\"--awb-border-radius-top-left:0px;--awb-border-radius-top-right:0px;--awb-border-radius-bottom-right:0px;--awb-border-radius-bottom-left:0px;--awb-flex-wrap:wrap;\" ><div class=\"fusion-builder-row fusion-row\"><div class=\"fusion-layout-column fusion_builder_column fusion-builder-column-0 fusion_builder_column_1_1 1_1 fusion-one-full fusion-column-first fusion-column-last fusion-no-small-visibility\" style=\"--awb-bg-size:cover;\" data-scroll-devices=\"small-visibility,medium-visibility,large-visibility\"><div class=\"fusion-column-wrapper fusion-column-has-shadow fusion-flex-column-wrapper-legacy\"><div class=\"fusion-sep-clear\"><\/div><div class=\"fusion-separator fusion-no-small-visibility fusion-no-large-visibility fusion-full-width-sep\" style=\"margin-left: auto;margin-right: auto;margin-top:50px;width:100%;\"><\/div><div class=\"fusion-sep-clear\"><\/div><div class=\"fusion-clearfix\"><\/div><\/div><\/div><div class=\"fusion-layout-column fusion_builder_column fusion-builder-column-1 fusion_builder_column_1_1 1_1 fusion-one-full fusion-column-first fusion-column-last fusion-no-small-visibility\" style=\"--awb-bg-size:cover;\" data-scroll-devices=\"small-visibility,medium-visibility,large-visibility\"><div class=\"fusion-column-wrapper fusion-column-has-shadow fusion-flex-column-wrapper-legacy\"><div class=\"fusion-sep-clear\"><\/div><div class=\"fusion-separator fusion-no-small-visibility fusion-no-medium-visibility fusion-full-width-sep\" style=\"margin-left: auto;margin-right: auto;margin-top:15px;margin-bottom:15px;width:100%;\"><\/div><div class=\"fusion-sep-clear\"><\/div><div class=\"fusion-clearfix\"><\/div><\/div><\/div><div class=\"fusion-layout-column fusion_builder_column fusion-builder-column-2 fusion_builder_column_1_1 1_1 fusion-one-full fusion-column-first fusion-column-last\" style=\"--awb-bg-size:cover;\"><div class=\"fusion-column-wrapper fusion-column-has-shadow fusion-flex-column-wrapper-legacy\"><div class=\"fusion-title title fusion-title-1 fusion-sep-none fusion-title-center fusion-title-text fusion-title-size-one\" style=\"--awb-text-color:var(--awb-color6);--awb-margin-top-small:10px;\"><h1 class=\"fusion-title-heading title-heading-center fusion-responsive-typography-calculated\" style=\"margin:0;--fontSize:67;line-height:1.4;\">Werkzeugbau<\/h1><\/div><div class=\"fusion-text fusion-text-1\"><p style=\"text-align: justify;\">Eine der St\u00e4rken unseres Unternehmens ist die eigene Werkstatt, in der die Warmpresswerkzeuge und alle Bearbeitungs- und Stanzvorrichtungen hergestellt werden.<\/p>\n<p style=\"text-align: justify;\">Indem wir alle Werkzeuge und Vorrichtungen, die f\u00fcr die Entwicklung Ihrer Projekte erforderlich sind, selbst herstellen, garantieren wir eine sofortige und gezielte Reaktion auf alle Anforderungen. Auch \u00c4nderungen und Reparaturen f\u00fchren wir umgehend durch, wodurch sich die Zeit bis zur Herstellung eines neuen Produkts erheblich verk\u00fcrzt.<\/p>\n<p style=\"text-align: justify;\">Die Werkstatt dient auch als Ausbildungsst\u00e4tte f\u00fcr unsere Polymechaniker-Lehrlinge.<\/p>\n<\/div><div class=\"fusion-sep-clear\"><\/div><div class=\"fusion-separator fusion-full-width-sep\" style=\"margin-left: auto;margin-right: auto;margin-top:10px;width:100%;\"><\/div><div class=\"fusion-sep-clear\"><\/div><div class=\"fusion-image-element fusion-image-align-center in-legacy-container\" style=\"text-align:center;--awb-caption-title-font-family:var(--h2_typography-font-family);--awb-caption-title-font-weight:var(--h2_typography-font-weight);--awb-caption-title-font-style:var(--h2_typography-font-style);--awb-caption-title-size:var(--h2_typography-font-size);--awb-caption-title-transform:var(--h2_typography-text-transform);--awb-caption-title-line-height:var(--h2_typography-line-height);--awb-caption-title-letter-spacing:var(--h2_typography-letter-spacing);\"><div class=\"imageframe-align-center\"><span class=\" fusion-imageframe imageframe-none imageframe-1 hover-type-none\"><img decoding=\"async\" width=\"800\" height=\"400\" title=\"Foto nuova costruzione stampi\" src=\"https:\/\/peropress.com\/wp-content\/uploads\/2023\/11\/Foto-nuova-costruzione-stampi.png\" alt class=\"img-responsive wp-image-3578\" srcset=\"https:\/\/peropress.com\/wp-content\/uploads\/2023\/11\/Foto-nuova-costruzione-stampi-200x100.png 200w, https:\/\/peropress.com\/wp-content\/uploads\/2023\/11\/Foto-nuova-costruzione-stampi-400x200.png 400w, https:\/\/peropress.com\/wp-content\/uploads\/2023\/11\/Foto-nuova-costruzione-stampi-600x300.png 600w, https:\/\/peropress.com\/wp-content\/uploads\/2023\/11\/Foto-nuova-costruzione-stampi.png 800w\" sizes=\"(max-width: 800px) 100vw, 800px\" \/><\/span><\/div><\/div><div class=\"fusion-sep-clear\"><\/div><div class=\"fusion-separator fusion-full-width-sep\" style=\"margin-left: auto;margin-right: auto;margin-top:30px;width:100%;\"><\/div><div class=\"fusion-sep-clear\"><\/div><div class=\"fusion-sep-clear\"><\/div><div class=\"fusion-separator fusion-full-width-sep\" style=\"margin-left: auto;margin-right: auto;margin-top:30px;width:100%;\"><div class=\"fusion-separator-border sep-single sep-solid\" style=\"--awb-height:20px;--awb-amount:20px;--awb-sep-color:var(--awb-color6);border-color:var(--awb-color6);border-top-width:4px;\"><\/div><\/div><div class=\"fusion-sep-clear\"><\/div><div class=\"fusion-clearfix\"><\/div><\/div><\/div><\/div><\/div><\/div><div id=\"Technisches\" class=\"fusion-container-anchor\"><div class=\"fusion-fullwidth fullwidth-box fusion-builder-row-2 has-pattern-background has-mask-background nonhundred-percent-fullwidth non-hundred-percent-height-scrolling\" style=\"--awb-border-radius-top-left:0px;--awb-border-radius-top-right:0px;--awb-border-radius-bottom-right:0px;--awb-border-radius-bottom-left:0px;--awb-flex-wrap:wrap;\" ><div class=\"fusion-builder-row fusion-row\"><div class=\"fusion-layout-column fusion_builder_column fusion-builder-column-3 fusion_builder_column_1_1 1_1 fusion-one-full fusion-column-first fusion-column-last\" style=\"--awb-bg-size:cover;\"><div class=\"fusion-column-wrapper fusion-column-has-shadow fusion-flex-column-wrapper-legacy\"><div class=\"fusion-title title fusion-title-2 fusion-sep-none fusion-title-center fusion-title-text fusion-title-size-one\" style=\"--awb-text-color:var(--awb-color6);\"><h1 class=\"fusion-title-heading title-heading-center fusion-responsive-typography-calculated\" style=\"margin:0;--fontSize:67;line-height:1.4;\">Technisches B\u00fcro<\/h1><\/div><div class=\"fusion-text fusion-text-2\"><p style=\"text-align: justify;\">Das technische B\u00fcro ist das Herzst\u00fcck unseres Unternehmens. Hier nehmen alle Produktionsprozesse der verschiedenen Abteilungen Gestalt an und es werden die Methoden, die kritischen Punkte und alle Aspekte f\u00fcr eine effizientere Produktion festgelegt. Durch die Anwendung der Lean-Methodik werden auch Produktionsprozesse, die sich \u00fcber Jahre hinweg wiederholen, st\u00e4ndig verbessert.<\/p>\n<p style=\"text-align: justify;\">Dank unserer qualifizierten Mitarbeiter stehen wir Ihnen mit einem Co-Engineering-Service zur Verf\u00fcgung, der darauf hinaus ist, neue Projekte bereits in der Anfangsphase gemeinsam zu definieren.<\/p>\n<\/div><div class=\"fusion-sep-clear\"><\/div><div class=\"fusion-separator fusion-full-width-sep\" style=\"margin-left: auto;margin-right: auto;margin-top:10px;width:100%;\"><\/div><div class=\"fusion-sep-clear\"><\/div><div class=\"fusion-image-element fusion-image-align-center in-legacy-container\" style=\"text-align:center;--awb-caption-title-font-family:var(--h2_typography-font-family);--awb-caption-title-font-weight:var(--h2_typography-font-weight);--awb-caption-title-font-style:var(--h2_typography-font-style);--awb-caption-title-size:var(--h2_typography-font-size);--awb-caption-title-transform:var(--h2_typography-text-transform);--awb-caption-title-line-height:var(--h2_typography-line-height);--awb-caption-title-letter-spacing:var(--h2_typography-letter-spacing);\"><div class=\"imageframe-align-center\"><span class=\" fusion-imageframe imageframe-none imageframe-2 hover-type-none\"><img decoding=\"async\" width=\"800\" height=\"600\" title=\"img ufficio tecnico\" src=\"https:\/\/peropress.com\/wp-content\/uploads\/2023\/10\/img-ufficio-tecnico-1.png\" alt class=\"img-responsive wp-image-3351\" srcset=\"https:\/\/peropress.com\/wp-content\/uploads\/2023\/10\/img-ufficio-tecnico-1-200x150.png 200w, https:\/\/peropress.com\/wp-content\/uploads\/2023\/10\/img-ufficio-tecnico-1-400x300.png 400w, https:\/\/peropress.com\/wp-content\/uploads\/2023\/10\/img-ufficio-tecnico-1-600x450.png 600w, https:\/\/peropress.com\/wp-content\/uploads\/2023\/10\/img-ufficio-tecnico-1.png 800w\" sizes=\"(max-width: 800px) 100vw, 800px\" \/><\/span><\/div><\/div><div class=\"fusion-sep-clear\"><\/div><div class=\"fusion-separator fusion-full-width-sep\" style=\"margin-left: auto;margin-right: auto;margin-top:30px;width:100%;\"><\/div><div class=\"fusion-sep-clear\"><\/div><div class=\"fusion-sep-clear\"><\/div><div class=\"fusion-separator fusion-full-width-sep\" style=\"margin-left: auto;margin-right: auto;margin-top:30px;width:100%;\"><div class=\"fusion-separator-border sep-single sep-solid\" style=\"--awb-height:20px;--awb-amount:20px;--awb-sep-color:var(--awb-color6);border-color:var(--awb-color6);border-top-width:4px;\"><\/div><\/div><div class=\"fusion-sep-clear\"><\/div><div class=\"fusion-clearfix\"><\/div><\/div><\/div><\/div><\/div><\/div><div id=\"Bemusterungen\" class=\"fusion-container-anchor\"><div class=\"fusion-fullwidth fullwidth-box fusion-builder-row-3 has-pattern-background has-mask-background nonhundred-percent-fullwidth non-hundred-percent-height-scrolling\" style=\"--awb-border-radius-top-left:0px;--awb-border-radius-top-right:0px;--awb-border-radius-bottom-right:0px;--awb-border-radius-bottom-left:0px;--awb-flex-wrap:wrap;\" ><div class=\"fusion-builder-row fusion-row\"><div class=\"fusion-layout-column fusion_builder_column fusion-builder-column-4 fusion_builder_column_1_1 1_1 fusion-one-full fusion-column-first fusion-column-last\" style=\"--awb-bg-size:cover;\"><div class=\"fusion-column-wrapper fusion-column-has-shadow fusion-flex-column-wrapper-legacy\"><div class=\"fusion-title title fusion-title-3 fusion-sep-none fusion-title-center fusion-title-text fusion-title-size-one\" style=\"--awb-text-color:var(--awb-color6);\"><h1 class=\"fusion-title-heading title-heading-center fusion-responsive-typography-calculated\" style=\"margin:0;--fontSize:67;line-height:1.4;\">Bemusterungen und Kleinserien<\/h1><\/div><div class=\"fusion-text fusion-text-3\"><p style=\"text-align: justify;\">Auf Anfrage stellen wir Bemusterungen oder Kleinserien her, auch mit kurzen Vorlaufzeiten, entweder mit einem speziell konstruierten Warmpresswerkzeug oder durch die Bearbeitung von Prototypen aus dem Vollen mit CNC-Maschinen.<\/p>\n<p style=\"text-align: justify;\">Wir k\u00f6nnen daher einen zus\u00e4tzlichen Service f\u00fcr die Prototypen von Produkten anbieten, die getestet und hergestellt werden, bevor sie in Serie produziert werden. Dies geschieht, um die korrekte Funktionalit\u00e4t zu \u00fcberpr\u00fcfen.<\/p>\n<\/div><div class=\"fusion-sep-clear\"><\/div><div class=\"fusion-separator fusion-full-width-sep\" style=\"margin-left: auto;margin-right: auto;margin-top:30px;width:100%;\"><div class=\"fusion-separator-border sep-single sep-solid\" style=\"--awb-height:20px;--awb-amount:20px;--awb-sep-color:var(--awb-color6);border-color:var(--awb-color6);border-top-width:4px;\"><\/div><\/div><div class=\"fusion-sep-clear\"><\/div><div class=\"fusion-clearfix\"><\/div><\/div><\/div><\/div><\/div><\/div><div id=\"Qualit\u00e4t\" class=\"fusion-container-anchor\"><div class=\"fusion-fullwidth fullwidth-box fusion-builder-row-4 nonhundred-percent-fullwidth non-hundred-percent-height-scrolling\" style=\"--awb-border-radius-top-left:0px;--awb-border-radius-top-right:0px;--awb-border-radius-bottom-right:0px;--awb-border-radius-bottom-left:0px;--awb-flex-wrap:wrap;\" ><div class=\"fusion-builder-row fusion-row\"><div class=\"fusion-layout-column fusion_builder_column fusion-builder-column-5 fusion_builder_column_1_1 1_1 fusion-one-full fusion-column-first fusion-column-last\" style=\"--awb-bg-size:cover;\"><div class=\"fusion-column-wrapper fusion-column-has-shadow fusion-flex-column-wrapper-legacy\"><div class=\"fusion-title title fusion-title-4 fusion-sep-none fusion-title-center fusion-title-text fusion-title-size-one\" style=\"--awb-text-color:var(--awb-color6);\"><h1 class=\"fusion-title-heading title-heading-center fusion-responsive-typography-calculated\" style=\"margin:0;--fontSize:67;line-height:1.4;\">Qualit\u00e4t<\/h1><\/div><div class=\"fusion-text fusion-text-4\"><p style=\"text-align: justify;\">Die Qualit\u00e4t der Produkte, die wir unseren Kunden anbieten, lag unserem Unternehmen schon immer am Herzen. Innerhalb des technischen B\u00fcros verf\u00fcgen wir \u00fcber zertifizierte Messsysteme. Die Qualit\u00e4tskontrollen werden st\u00e4ndig durchgef\u00fchrt und intensiviert, wenn eine spezifische und besondere Produktion dies erfordert.<\/p>\n<p style=\"text-align: justify;\">Ab 2019 verf\u00fcgen wir \u00fcber einen Keyence VR-5200 3D-Scanner, der in der Lage ist, Serienmessungen in kurzer Zeit mit einer Messwiederholgenauigkeit in der Gr\u00f6\u00dfenordnung in Hundertstel durchzuf\u00fchren.<\/p>\n<p style=\"text-align: justify;\">Dank moderner H\u00e4rtepr\u00fcfger\u00e4te, erstellen wir auf Wunsch Materialh\u00e4rtezertifikate nach internen W\u00e4rmebehandlungen von Aluminium und CuNi2Si.<\/p>\n<\/div><div class=\"fusion-sep-clear\"><\/div><div class=\"fusion-separator fusion-full-width-sep\" style=\"margin-left: auto;margin-right: auto;margin-top:30px;width:100%;\"><div class=\"fusion-separator-border sep-single sep-solid\" style=\"--awb-height:20px;--awb-amount:20px;--awb-sep-color:var(--awb-color6);border-color:var(--awb-color6);border-top-width:4px;\"><\/div><\/div><div class=\"fusion-sep-clear\"><\/div><div class=\"fusion-clearfix\"><\/div><\/div><\/div><\/div><\/div><\/div><div id=\"R\u00fcckverfolgbarkeit\" class=\"fusion-container-anchor\"><div class=\"fusion-fullwidth fullwidth-box fusion-builder-row-5 has-pattern-background has-mask-background nonhundred-percent-fullwidth non-hundred-percent-height-scrolling\" style=\"--awb-border-radius-top-left:0px;--awb-border-radius-top-right:0px;--awb-border-radius-bottom-right:0px;--awb-border-radius-bottom-left:0px;--awb-flex-wrap:wrap;\" ><div class=\"fusion-builder-row fusion-row\"><div class=\"fusion-layout-column fusion_builder_column fusion-builder-column-6 fusion_builder_column_1_1 1_1 fusion-one-full fusion-column-first fusion-column-last\" style=\"--awb-bg-size:cover;\"><div class=\"fusion-column-wrapper fusion-column-has-shadow fusion-flex-column-wrapper-legacy\"><div class=\"fusion-title title fusion-title-5 fusion-sep-none fusion-title-center fusion-title-text fusion-title-size-one\" style=\"--awb-text-color:var(--awb-color6);\"><h1 class=\"fusion-title-heading title-heading-center fusion-responsive-typography-calculated\" style=\"margin:0;--fontSize:67;line-height:1.4;\">R\u00fcckverfolgbarkeit, Flexibilit\u00e4t und Vertraulichkeit<\/h1><\/div><div class=\"fusion-text fusion-text-5\"><p style=\"text-align: justify;\">Unsere gesamte Produktionskette ist perfekt r\u00fcckverfolgbar und in jedem Schritt definiert, vom Einkauf des regelm\u00e4\u00dfig zertifizierten Rohmaterials bis zur Lieferung des Endprodukts. Dank spezieller Software, k\u00f6nnen wir unsere Kunden jederzeit \u00fcber den Status ihrer Bestellung informieren.<\/p>\n<p style=\"text-align: justify;\">Die Unabh\u00e4ngigkeit von externen Unternehmen garantiert uns, die F\u00e4higkeit dynamisch auf alle Bed\u00fcrfnisse unserer Kunden zu reagieren. Kleinserien, dringende Produktionen, schnelle \u00c4nderungen an bestehenden Produkten &#8211; all das sind Elemente, die uns auszeichnen und Flexibilit\u00e4t in Verbindung mit einem hochwertigen Service garantieren.<\/p>\n<p style=\"text-align: justify;\">Es kommt h\u00e4ufig vor, dass wir Bauteile mit sehr hohen Vertraulichkeitskriterien herstellen. Dank der Professionalit\u00e4t aller unserer Mitarbeiter, garantieren wir absolute Vertraulichkeit und den Schutz der Privatsph\u00e4re. Da wir auch bei der Sicherheit unserer IT-Systeme von Fachleuten unterst\u00fctzt werden, k\u00f6nnen wir unserem Unternehmen und allen unseren Kunden die n\u00f6tige Sicherheit garantieren.<\/p>\n<\/div><div class=\"fusion-clearfix\"><\/div><\/div><\/div><\/div><\/div><\/div><\/p>\n","protected":false},"excerpt":{"rendered":"","protected":false},"author":2,"featured_media":0,"parent":0,"menu_order":0,"comment_status":"closed","ping_status":"closed","template":"","meta":{"footnotes":""},"class_list":["post-3350","page","type-page","status-publish","hentry"],"_links":{"self":[{"href":"https:\/\/peropress.com\/de\/wp-json\/wp\/v2\/pages\/3350","targetHints":{"allow":["GET"]}}],"collection":[{"href":"https:\/\/peropress.com\/de\/wp-json\/wp\/v2\/pages"}],"about":[{"href":"https:\/\/peropress.com\/de\/wp-json\/wp\/v2\/types\/page"}],"author":[{"embeddable":true,"href":"https:\/\/peropress.com\/de\/wp-json\/wp\/v2\/users\/2"}],"replies":[{"embeddable":true,"href":"https:\/\/peropress.com\/de\/wp-json\/wp\/v2\/comments?post=3350"}],"version-history":[{"count":22,"href":"https:\/\/peropress.com\/de\/wp-json\/wp\/v2\/pages\/3350\/revisions"}],"predecessor-version":[{"id":3781,"href":"https:\/\/peropress.com\/de\/wp-json\/wp\/v2\/pages\/3350\/revisions\/3781"}],"wp:attachment":[{"href":"https:\/\/peropress.com\/de\/wp-json\/wp\/v2\/media?parent=3350"}],"curies":[{"name":"wp","href":"https:\/\/api.w.org\/{rel}","templated":true}]}}