{"id":3349,"date":"2020-04-28T14:28:15","date_gmt":"2020-04-28T12:28:15","guid":{"rendered":"https:\/\/peropress.com\/cookie\/"},"modified":"2023-12-18T12:17:07","modified_gmt":"2023-12-18T11:17:07","slug":"cookie","status":"publish","type":"page","link":"https:\/\/peropress.com\/de\/cookie\/","title":{"rendered":"Cookie"},"content":{"rendered":"<h4 class=\"fusion-responsive-typography-calculated\" style=\"text-align: justify;\" data-fontsize=\"30\" data-lineheight=\"36px\"><strong>Cookies, Webanalyse und soziale Mediendienste<\/strong><\/h4>\n<p style=\"text-align: justify;\">Informationen, die Sie identifizieren k\u00f6nnen, k\u00f6nnen auf Ihrem Computer gespeichert werden. Solche Informationen werden als Cookie bezeichnet. Diese auf Ihrer Festplatte gespeicherten Textdateien erm\u00f6glichen es uns, Sie als registrierten Kunden zu erkennen und erleichtern Ihnen die Nutzung unserer Webseite. eb. \u00dcber die Einstellungen Ihres Internet-Browsers k\u00f6nnen Sie auf Ihrem Computer gespeicherte Cookies untersuchen und l\u00f6schen und generell den Zusammenhang mit Cookies \u00fcberpr\u00fcfen.<br \/>\nDie wichtigsten Browser akzeptieren Cookies als Standardeinstellung. Sie k\u00f6nnen Ihren Browser jedoch so konfigurieren, dass er Cookies ablehnt oder eine vorherige Best\u00e4tigung von Ihnen verlangt. Wenn Sie keine Cookies akzeptieren, k\u00f6nnen Sie m\u00f6glicherweise nicht alle Funktionen unserer Webseite in vollem Umfang nutzen.<\/p>\n<h4 class=\"fusion-responsive-typography-calculated\" style=\"text-align: justify;\" data-fontsize=\"30\" data-lineheight=\"36px\"><strong>Cookies von Dritten<\/strong><\/h4>\n<p style=\"text-align: justify;\">\u00dcber Werbepartner oder Werbenetzwerke schalten wir Werbung auf anderen Websites. Diese Werbepartner verwenden sogenannte Drittanbieter-Cookies, die bei einem Besuch der Website aktiviert werden und nur vom jeweiligen Werbepartner abgerufen werden k\u00f6nnen. Diese Drittanbieter-Cookies dienen dazu, die Ergebnisse und die Z\u00e4hlung von Werbekampagnen zwischen uns und den Werbepartnern zu messen.i. In diesem Zusammenhang werden keine personenbezogenen Daten gespeichert, sondern lediglich der Abruf von Webseiten durch eine vom Werbepartner initiierte Werbekampagne erfasst. Bei den Cookies von Drittanbietern handelt es sich um tempor\u00e4r gespeicherte Cookies, die nach dem letzten Abruf f\u00fcr maximal 540 Tage in Ihrem Browser gespeichert bleiben und danach automatisch verfallen.<br \/>\n\u00dcber die Einstellungen Ihres Internet-Browsers k\u00f6nnen Sie auf Ihrem Computer gespeicherte Cookies untersuchen und l\u00f6schen und generell den Zusammenhang mit Cookies \u00fcberpr\u00fcfen. N\u00e4here Informationen hierzu erhalten Sie vom Hersteller oder \u00fcber die Hilfefunktion Ihres Internetbrowsers. Bitte beachten Sie, dass die Funktionalit\u00e4t der Website eingeschr\u00e4nkt oder nicht zug\u00e4nglich sein kann, wenn Sie Cookies nicht zulassen.<\/p>\n<h4 class=\"fusion-responsive-typography-calculated\" style=\"text-align: justify;\" data-fontsize=\"30\" data-lineheight=\"36px\"><strong>Retargeting<\/strong><\/h4>\n<p style=\"text-align: justify;\">Wir m\u00f6chten Ihnen nur Anzeigen zeigen, die Sie wirklich interessieren. Aus diesem Grund setzen wir bei Webseite die sogenannte Retargeting-Technologie ein, damit die Werbung Ihren Interessen entspricht. Wenn Sie besuchen, speichern unsere Retargeting-Partner \u00fcber Ihren Internet-Browser tempor\u00e4re Cookies auf Ihrem Terminal. Die tempor\u00e4r gespeicherten Cookies erm\u00f6glichen es unseren Retargeting-Partnern, die Besucher unseres Shops unter einem Pseudonym wiederzuerkennen und nur Werbebotschaften f\u00fcr Produkte anzuzeigen, an denen unsere Besucher wahrscheinlich interessiert sind.<\/p>\n<h4 class=\"fusion-responsive-typography-calculated\" style=\"text-align: justify;\" data-fontsize=\"30\" data-lineheight=\"36px\"><strong>Welche Daten werden gesammelt?<\/strong><\/h4>\n<p style=\"text-align: justify;\">Tempor\u00e4re Cookies erm\u00f6glichen es unseren Retargeting-Partnern, den Klickpfad unserer Besucher unter dem Pseudonym zu verfolgen und zu speichern. In diesem Zusammenhang werden nur Daten erhoben, die sich auf Ihre Nutzung von beziehen (z.B. Anzahl Erinnerungen Seiten, interne Suchanfragen, Erinnerungen an Produktseiten, Login-Status, R\u00fcckruf der Bestellbest\u00e4tigungsseite). Wir \u00fcbermitteln keine personenbezogenen Daten an solche Retargeting-Partner; Retargeting-Partner sammeln jedoch Informationen \u00fcber die Nutzung unserer Webseite, um ihre Dienstleistungen anbieten zu k\u00f6nnen. Retargeting-Partner k\u00f6nnen die von Ihnen gesammelten Informationen mit Daten von anderen Webseites, die Sie besucht haben, kombinieren und diese Daten f\u00fcr ihre eigenen Zwecke verwenden (z. B. f\u00fcr die Werbeverwaltung ihrer Partner-Webseites). Wenn Sie sich bei dem betreffenden Retargeting-Partner angemeldet haben, kann dieser Sie identifizieren.<\/p>\n<h4 class=\"fusion-responsive-typography-calculated\" style=\"text-align: justify;\" data-fontsize=\"30\" data-lineheight=\"36px\"><strong>Verwendung von Google Analytics<\/strong><\/h4>\n<p style=\"text-align: justify;\">Diese Webseite benutzt Google Analytics, einen Webanalysedienst der Google Inc. (\u201cGoogle\u201d). Google Analytics verwendet sog. Cookies\u201d, Textdateien, die auf Ihrem Rechner gespeichert werden und die eine Analyse der Benutzung der Webseite durch Sie erm\u00f6glicht. Die durch den Cookie erzeugten Informationen \u00fcber Ihre Benutzung dieser Webseite werden in der Regel an einen Server von Google in den Vereinigten Staaten \u00fcbertragen und dort gespeichert. Google wird jedoch zun\u00e4chst Ihre IP-Adresse innerhalb der Mitgliedstaaten der Europ\u00e4ischen Union oder anderer L\u00e4nder, die dem Abkommen \u00fcber den Europ\u00e4ischen Wirtschaftsraum angeh\u00f6ren, abk\u00fcrzen. Nur in Ausnahmef\u00e4llen wird die vollst\u00e4ndige IP-Adresse an einen Server von Google in den USA \u00fcbertragen und dort gek\u00fcrzt. Google wird diese Informationen im Auftrag des Betreibers dieser Webseite benutzen, um Ihre Nutzung der Webseite auszuwerten, um Reports \u00fcber die Webseiteaktivit\u00e4ten f\u00fcr die Webseitebetreiber zusammenzustellen und um weitere mit der Webseitenutzung und der Internetnutzung verbundene Dienstleistungen zu erbringen. Die von Ihrem Browser im Rahmen von Google Analytics \u00fcbermittelte IP-Adresse wird nicht mit anderen Daten von Google in Verbindung gebracht.<br \/>\nSie k\u00f6nnen die Speicherung von Cookies verhindern, indem Sie Ihre Browser-Software entsprechend einstellen. Sie k\u00f6nnen auch verhindern, dass Google die durch den Cookie erzeugten Daten \u00fcber Ihre Nutzung der Webseite (einschliesslich Ihrer IP-Adresse) aufzeichnet und diese Daten durch Google verarbeitet, indem Sie das Browser-Plugin herunterladen und installieren, das unter folgendem Link verf\u00fcgbar ist: <a href=\"https:\/\/tools.google.com\/dlpage\/gaoptout?hl=it\">https:\/\/tools.google.com\/dlpage\/gaoptout?hl=it<\/a><br \/>\nDar\u00fcber hinaus verwenden wir Google Analytics, um Daten aus dem DoubleClick-Cookie f\u00fcr statistische Zwecke zu analysieren. Wenn Sie dies nicht w\u00fcnschen, k\u00f6nnen Sie diese Funktion \u00fcber den <a href=\"https:\/\/www.google.com\/settings\/ads\/onweb\/?hl=it\">Anzeigenvorgaben-Manager<\/a> deaktivieren. Wir verwenden auch Floodlight-Tags von Google DoubleClick zur Unterst\u00fctzung von Online-Werbung und zur Analyse der Nutzung unserer Webseite. Mit diesen Tags werden keine personenbezogenen Daten Google DoubleClick \u00fcbermittelt. Einzelheiten \u00fcber den Umgang mit Ihren Daten bei DoubleClick, die Verwendung von Cookies in diesem Zusammenhang sowie die m\u00f6gliche Deaktivierung von Cookies finden Sie in den Datenschutzrichtlinien von DoubleClick unter: <a href=\"https:\/\/policies.google.com\/technologies\/ads?hl=it\">https:\/\/policies.google.com\/technologies\/ads?hl=it<\/a><\/p>\n<h4 class=\"fusion-responsive-typography-calculated\" style=\"text-align: justify;\" data-fontsize=\"30\" data-lineheight=\"36px\"><strong>Verfolgen von Konversionen mit den &#8222;Besucherverhaltenspixeln&#8220; von Facebook<\/strong><\/h4>\n<p style=\"text-align: justify;\">Wir verwenden auf unserer Webseite das \u201eBesucherverhaltenspixel\u201d von Facebook Inc., 1601 S. California Ave, Palo Alto, CA 94304, USA (\u201cFacebook\u201d) zur Messung der Wirksamkeit von Online-Marketing-Massnahmen. Mit Ihrer Hilfe k\u00f6nnen wir das Benutzerverhalten verfolgen, nachdem sie eine Facebook-Werbung angesehen und\/oder darauf geklickt und anschliessend eine Bestellung aufgegeben haben. Auf diese Weise k\u00f6nnen wir die Wirksamkeit von Facebook-Werbung f\u00fcr statistische und Marktforschungszwecke messen. Die auf diese Weise gesammelten Daten sind f\u00fcr uns anonym in dem Sinne, dass wir die personenbezogenen Daten einzelner Benutzer nicht einsehen oder zusammen mit anderen Informationen mit einem Benutzer verkn\u00fcpfen k\u00f6nnen.<br \/>\nDiese Daten werden jedoch von Facebook gespeichert und verarbeitet. Auf diese Weise kann Facebook das Verhalten von Nutzern verfolgen, die auf eine Anzeige im Facebook-Mitgliederbereich geklickt haben und auf unsere Webseite weitergeleitet wurden. Durch die Verwendung von Cookies, d.h. Textdateien, die auf Ihrem Computer gespeichert werden, kann Facebook diesen Nutzer im Facebook-Mitgliederbereich wiedererkennen und die Effizienz der Werbebotschaften optimieren, z.B. durch das Angebot zielgruppengerechter Botschaften gem\u00e4ss der Facebook-Datennutzungsrichtlinie. Dies gilt nur f\u00fcr Benutzer, die \u00fcber ein Facebook-Konto verf\u00fcgen und im Facebook-Mitgliederbereich registriert sind. Nutzer, die keine Mitglieder von Facebook sind, sind von dieser Datenverarbeitung nicht betroffen<br \/>\nSie k\u00f6nnen dieser Datenverarbeitung unter folgendem Link widersprechen <a href=\"https:\/\/www.aboutads.info\/choices\/\">http:\/\/www.aboutads.info\/choices\/<\/a><\/p>\n<h4 class=\"fusion-responsive-typography-calculated\" style=\"text-align: justify;\" data-fontsize=\"30\" data-lineheight=\"36px\"><strong>Webanalyse und soziale Plugin-Dienste<\/strong><\/h4>\n<p style=\"text-align: justify;\">Unsere Webseite benutzt Dienste von Providern, insbesondere Google Analytics, einen Webanalysedienst der Google Inc. USA, sowie die \u201clike\u201d \/ \u201clike\u201d Social Plugins der Facebook Inc. USA (im Folgenden als \u201cAnbieter\u201d bezeichnet) Diese Dienste sammeln Informationen und verwenden m\u00f6glicherweise sogenannte \u201cCookies\u201d, d.h. Textdateien, die auf Ihrem Computer gespeichert werden und eine Analyse Ihrer Nutzung unserer Webseite erm\u00f6glichen. Wenn Sie Social Plugins verwenden, werden Ihnen Buttons des jeweiligen Anbieters, z.B. der Facebook \u201cGef\u00e4llt mir\u201d Button, angezeigt oder Inhalte des jeweiligen Anbieters in die Webseite integriert. Wenn Sie eine Webseite aufrufen, die ein solches Social Plugin verwendet, erstellt Ihr Browser einen Link zu dem entsprechenden Anbieter. Der Inhalt des Social Plugins wird von dem jeweiligen Anbieter an Ihren Browser \u00fcbertragen und von diesem in die jeweilige Webseite integriert. Die durch Ihre Nutzung generierten Informationen (einschliesslich Ihrer IP-Adresse) werden an die Server dieser Anbieter national oder international \u00fcbermittelt, wo sie gespeichert und verarbeitet werden und gegebenenfalls mit Ihrem Konto bei diesen Anbietern kombiniert werden k\u00f6nnen. Wir haben keine Kontrolle \u00fcber die Verarbeitung von Daten durch Drittanbieter. Wir empfehlen Ihnen daher, die jeweiligen Datenschutzinformationen dieser Drittanbieter zu pr\u00fcfen. Die Datenschutzpolitik von Facebook finden Sie unter <a href=\"https:\/\/it-it.facebook.com\/policy.php\">hier<\/a>.<br \/>\nAnbieter k\u00f6nnen diese Informationen benutzen, um Ihre Nutzung unserer Webseite zu analysieren, um Berichte \u00fcber Webseite-Aktivit\u00e4ten f\u00fcr Webseite-Betreiber zusammenzustellen, um Display-Werbung (Bannerwerbung) zu platzieren und um weitere mit der Webseite- und Internetnutzung verbundene Dienstleistungen zu erbringen. Die Anbieter werden diese Informationen bei Bedarf auch an Dritte auf nationaler und internationaler Ebene weitergeben. Sie erkennen an und akzeptieren, dass es im Ausland m\u00f6glicherweise keinen angemessenen gesetzlichen Datenschutz gibt. Mit der Nutzung dieser Webseite erkl\u00e4ren Sie, dass Sie die Verwendung von Cookies und \u00e4hnlichen Technologien akzeptieren.<\/p>\n<p>&nbsp;<\/p>\n","protected":false},"excerpt":{"rendered":"<p>Cookies, Webanalyse und soziale Mediendienste Informationen, die Sie identifizieren k\u00f6nnen, [&hellip;]<\/p>\n","protected":false},"author":2,"featured_media":0,"parent":0,"menu_order":0,"comment_status":"closed","ping_status":"open","template":"","meta":{"footnotes":""},"class_list":["post-3349","page","type-page","status-publish","hentry"],"_links":{"self":[{"href":"https:\/\/peropress.com\/de\/wp-json\/wp\/v2\/pages\/3349","targetHints":{"allow":["GET"]}}],"collection":[{"href":"https:\/\/peropress.com\/de\/wp-json\/wp\/v2\/pages"}],"about":[{"href":"https:\/\/peropress.com\/de\/wp-json\/wp\/v2\/types\/page"}],"author":[{"embeddable":true,"href":"https:\/\/peropress.com\/de\/wp-json\/wp\/v2\/users\/2"}],"replies":[{"embeddable":true,"href":"https:\/\/peropress.com\/de\/wp-json\/wp\/v2\/comments?post=3349"}],"version-history":[{"count":1,"href":"https:\/\/peropress.com\/de\/wp-json\/wp\/v2\/pages\/3349\/revisions"}],"predecessor-version":[{"id":3757,"href":"https:\/\/peropress.com\/de\/wp-json\/wp\/v2\/pages\/3349\/revisions\/3757"}],"wp:attachment":[{"href":"https:\/\/peropress.com\/de\/wp-json\/wp\/v2\/media?parent=3349"}],"curies":[{"name":"wp","href":"https:\/\/api.w.org\/{rel}","templated":true}]}}